{"id":91097,"date":"2024-10-29T16:07:18","date_gmt":"2024-10-29T15:07:18","guid":{"rendered":"https:\/\/intercoaching.fr\/prix-tarif-coaching-salles-de-sport\/prix-tarif-coaching-bodyhit\/"},"modified":"2024-10-29T16:07:18","modified_gmt":"2024-10-29T15:07:18","slug":"prix-tarif-coaching-bodyhit","status":"publish","type":"page","link":"https:\/\/intercoaching.fr\/en_ca\/prix-tarif-coaching-salles-de-sport\/prix-tarif-coaching-bodyhit\/","title":{"rendered":"Prix tarif coaching BODYHIT"},"content":{"rendered":"<figure class=\"wp-block-table\">\n<table>\n<tbody>\n<tr>\n<td>\n            <p><strong>EN BREF<\/strong><\/p>\n            <ul>\n                <li><strong>Offre DETOX<\/strong> \u00e0 prix imbattable<\/li>\n                <li>Coaching d\u2019essai gratuit et sans engagement dans tous les centres<\/li>\n                <li><strong>BODYHIT Melun<\/strong> : 3 mois \u00e0 120 \u20ac pour 4 s\u00e9ances, 6 mois \u00e0 99 \u20ac<\/li>\n                <li><strong>BODYHIT Vincennes<\/strong> : 3 mois \u00e0 138,99 \u20ac\/mois pour 4 coachings<\/li>\n                <li><strong>BODYHIT Paris 18 Montmartre<\/strong> : 12 mois \u00e0 118,99 \u20ac\/mois<\/li>\n                <li><strong>BODYHIT Paris Wagram<\/strong> : 4 coachings au prix de 99.00 \u20ac<\/li>\n                <li><strong>BODYHIT Tours<\/strong> : 26,50 \u20ac\/coaching avec un abonnement de 6 mois<\/li>\n                <li>D\u00e9tails sur les tarifs d\u2019une s\u00e9ance d\u2019\u00e9lectrostimulation disponibles<\/li>\n                <li>Possibilit\u00e9 de reconduction mensuelle des abonnements<\/li>\n            <\/ul><p>\n        <\/p><\/td>\n<\/tr>\n<\/tbody>\n<\/table>\n<\/figure>\n\n\n<figure class=\"wp-block-embed is-type-video is-provider-youtube wp-block-embed-youtube wp-embed-aspect-16-9 wp-has-aspect-ratio\">\n<div class=\"wp-block-embed__wrapper\">\n<iframe title=\"How much does coaching cost?\" width=\"1200\" height=\"675\" src=\"https:\/\/www.youtube-nocookie.com\/embed\/Xm7OjybPnfQ?feature=oembed\" frameborder=\"0\" allow=\"accelerometer; autoplay; clipboard-write; encrypted-media; gyroscope; picture-in-picture; web-share\" referrerpolicy=\"strict-origin-when-cross-origin\" allowfullscreen><\/iframe>\n<\/div>\n<\/figure>\n\n\n\n<p>Le coaching BODYHIT est une m\u00e9thode innovante d\u2019\u00e9lectrostimulation qui transforme le secteur du fitness avec ses offres attrayantes. Dans cet article, nous allons explorer les diff\u00e9rents tarifs des abonnements de coaching BODYHIT dans plusieurs centres, ainsi que les offres sp\u00e9ciales comme la DETOX. Que vous soyez d\u00e9butant ou athl\u00e8te confirm\u00e9, il existe une formule adapt\u00e9e \u00e0 vos besoins.<\/p>\n\n\n<h2 class=\"wp-block-heading\">Abonnements et tarifs BODYHIT<\/h2>\n\n\n<p>BODYHIT propose plusieurs options d\u2019abonnement adapt\u00e9es \u00e0 vos pr\u00e9f\u00e9rences et \u00e0 votre budget. Les tarifs varient en fonction de la dur\u00e9e de l\u2019engagement et du nombre de s\u00e9ances par mois. Par exemple, un abonnement de 3 mois incluant 4 s\u00e9ances par mois co\u00fbte environ <strong>120 \u20ac<\/strong>, tandis qu\u2019un plan comprenant 6 s\u00e9ances par mois est propos\u00e9 \u00e0 environ <strong>165 \u20ac<\/strong>. L\u2019option \u00e0 6 mois implique des co\u00fbts d\u00e9gressifs, comme 99 \u20ac pour 4 s\u00e9ances et 135 \u20ac pour 6 s\u00e9ances par mois.<\/p>\n\n\n<h3 class=\"wp-block-heading\">Les centres BODYHIT et leurs offres<\/h3>\n\n\n<p>Chaque centre BODYHIT, que ce soit \u00e0 <strong>Melun<\/strong>, <strong>Vincennes<\/strong>, <strong>Montmartre<\/strong> Or <strong>Senlis<\/strong>, propose des prix similaires mais peut avoir des petites diff\u00e9rences. Par exemple, \u00e0 <a href=\"https:\/\/bodyhit.fr\/bodyhit-club-melun\/\">BODYHIT Melun<\/a>, les tarifs commencent \u00e0 des prix comp\u00e9titifs pour une exp\u00e9rience de coaching d\u2019\u00e9lectrostimulation unique.<\/p>\n\n\n<p>Au <a href=\"https:\/\/bodyhit.fr\/bodyhit-club-senlis\/\">BODYHIT Senlis<\/a>, les abonnements de 3 mois et de 6 mois sont respectivement \u00e0 138,99 \u20ac\/mois et 128,99 \u20ac\/mois, offrant un bon rapport qualit\u00e9-prix pour les abonn\u00e9s r\u00e9guliers.<\/p>\n\n\n<h2 class=\"wp-block-heading\">Offres promotionnelles et avantages<\/h2>\n\n\n<p>BODYHIT ne cesse d\u2019innover avec ses offres sp\u00e9ciales. Actuellement, une offre <strong>DETOX<\/strong> \u00e0 prix imbattable est en cours. Cette promotion permet aux nouveaux clients de b\u00e9n\u00e9ficier d\u2019un coaching d\u2019essai gratuit et sans engagement, facilitant leur d\u00e9couverte de la m\u00e9thode BODYHIT. De plus, des options de pack de 10 s\u00e9ances sont aussi disponibles pour ceux qui souhaitent essayer avant de s\u2019engager sur une p\u00e9riode plus longue.<\/p>\n\n\n<h3 class=\"wp-block-heading\">Les tarifs des s\u00e9ances \u00e0 la carte<\/h3>\n\n\n<p>Pour ceux qui pr\u00e9f\u00e8rent la flexibilit\u00e9, BODYHIT propose \u00e9galement des s\u00e9ances \u00e0 la carte. \u00c0 <a href=\"https:\/\/www.stimwaveagen.fr\/fr\/1\/24\/120\/Tarifs-pour-une-seance-de-sport-avec-electro-stimulation-chez-STIM-WAVE-AGEN.html#:~:text=Pour%20chaque%20formules,%20nous%20avons,sem%20ou%20maximum%203\/sem\">Stimwave Agen<\/a>, par exemple, vous pouvez vous renseigner sur les prix effectu\u00e9s pour une s\u00e9ance isol\u00e9e, qui varient selon la formule choisie.<\/p>\n\n\n<h2 class=\"wp-block-heading\">Conclusion sur les tarifs BODYHIT<\/h2>\n\n\n<p>Les tarifs de coaching BODYHIT sont con\u00e7us pour offrir un acc\u00e8s facilit\u00e9 \u00e0 l\u2019\u00e9lectrostimulation tout en respectant diff\u00e9rents budgets. Que ce soit pour un abonnement de plusieurs mois ou une s\u00e9ance \u00e0 la carte, BODYHIT propose une vari\u00e9t\u00e9 d\u2019options pour r\u00e9pondre aux besoins de chacun. Pour plus d\u2019informations sur les tarifs de divers centres, n\u2019h\u00e9sitez pas \u00e0 consulter les sites sp\u00e9cialis\u00e9s qui font un comparatif des prix <a href=\"https:\/\/intercoaching.fr\/en_ca\/prix-tarif-coaching-salles-de-sport\/\">here<\/a>.<\/p>\n\n\n\n<p>Vous \u00eates \u00e0 la recherche d\u2019une m\u00e9thode efficace pour vous entra\u00eener tout en respectant votre budget ? BODYHIT propose des tarifs d\u2019<strong>\u00e9lectrostimulation<\/strong> tr\u00e8s comp\u00e9titifs, avec un coaching personnalis\u00e9 qui convient \u00e0 tout le monde. Dans cet article, nous allons explorer les diff\u00e9rentes options d\u2019abonnement, les avantages de chaque formule et pourquoi BODYHIT pourrait \u00eatre la solution id\u00e9ale pour vos objectifs de fitness.<\/p>\n\n\n<h2 class=\"wp-block-heading\">Les Abonnements BODYHIT<\/h2>\n\n\n<h3 class=\"wp-block-heading\">Abonnements \u00e0 court terme<\/h3>\n\n\n<p>BODYHIT offre des abonnements de <strong>3 mois<\/strong> qui permettent de s\u2019engager sans contrainte sur le long terme. Par exemple, dans le centre de Melun, les tarifs sont attractifs avec des options de <strong>4 s\u00e9ances \u00e0 120 \u20ac<\/strong> Or <strong>6 s\u00e9ances \u00e0 165 \u20ac<\/strong>. Ces formules sont id\u00e9ales si vous souhaitez tester un programme de <strong>coaching \u00e9lectrostimulation<\/strong> avant de vous engager davantage.<\/p>\n\n\n<h3 class=\"wp-block-heading\">Abonnements moyens et long termes<\/h3>\n\n\n<p>Pour ceux qui sont pr\u00eats \u00e0 s\u2019investir sur le long terme, BODYHIT propose \u00e9galement des forfaits de <strong>6 mois<\/strong> And <strong>12 mois<\/strong>. Dans certains centres comme BODYHIT \u00e0 Vincennes, le tarif est de <strong>29,75 \u20ac par coaching<\/strong> pour un abonnement de 12 mois, ce qui s\u2019av\u00e8re tr\u00e8s \u00e9conomique \u00e0 long terme. Ce type de formule est parfait pour ceux qui ont un emploi du temps charg\u00e9 mais souhaitent tout de m\u00eame garantir leur <strong>engagement vers leurs objectifs fitness<\/strong>.<\/p>\n\n\n<h2 class=\"wp-block-heading\">Coaching Personnalis\u00e9 et Essai Gratuit<\/h2>\n\n\n<p>Une des particularit\u00e9s de BODYHIT est son engagement vers une exp\u00e9rience client positive. Tous les centres offrent un <strong>coaching d\u2019essai gratuit<\/strong> et sans engagement. Cela vous permet de tester la m\u00e9thode de mani\u00e8re concr\u00e8te avant de vous engager financi\u00e8rement. Profiter de cette offre est un excellent moyen de d\u00e9couvrir comment l\u2019\u00e9lectrostimulation peut s\u2019int\u00e9grer dans votre programme de remise en forme.<\/p>\n\n\n<h2 class=\"wp-block-heading\">Tarifs selon la localisation<\/h2>\n\n\n<p>Les tarifs peuvent l\u00e9g\u00e8rement varier selon les centres. Pour exemple, \u00e0 BODYHIT Paris Wagram, les abonnements commencent \u00e0 <strong>99,00 \u20ac pour 4 coachings par mois<\/strong>, ce qui reste comp\u00e9titif par rapport aux autres offres du march\u00e9. De plus, les tarifs appliqu\u00e9s dans d\u2019autres villes comme Tours ou Senlis indiquent que BODYHIT s\u2019efforce de tout faire pour garder leurs co\u00fbts <strong>abordables et accessibles<\/strong>.<\/p>\n\n\n<h2 class=\"wp-block-heading\">Les Atouts de la M\u00e9thode BODYHIT<\/h2>\n\n\n<p>Opter pour BODYHIT c\u2019est choisir une approche moderne et efficace de votre entra\u00eenement. Avec des s\u00e9ances de <strong>20 minutes<\/strong> maximales, l\u2019\u00e9lectrostimulation vous promet des r\u00e9sultats impressionnants en un minimum de temps. Ce format respecte les emplois du temps charg\u00e9s tout en permettant une <strong>optimisation du temps pass\u00e9 \u00e0 s\u2019entra\u00eener<\/strong>.<\/p>\n\n\n<p>Que vous soyez d\u00e9butant ou d\u00e9j\u00e0 en forme, BODYHIT propose une vari\u00e9t\u00e9 d\u2019abonnements attrayants et flexibles. Profitez de l\u2019<strong>essai gratuit<\/strong> pour d\u00e9couvrir cette technique qui pourrait bien transformer votre approche du fitness. Pour plus de d\u00e9tails sur les tarifs et les options disponibles, n\u2019h\u00e9sitez pas \u00e0 visiter les diverses pages d\u2019information sur les tarifs des coachings \u00e0 la salle et les techniques de coaching.<\/p>","protected":false},"excerpt":{"rendered":"","protected":false},"author":5,"featured_media":91098,"parent":91085,"menu_order":0,"comment_status":"closed","ping_status":"closed","template":"","meta":{"_acf_changed":false,"_seopress_robots_primary_cat":"","_seopress_titles_title":"D\u00e9cryptage des Tarifs de Coaching BODYHIT : Investir dans Votre Transformation","_seopress_titles_desc":"D\u00e9couvrez les tarifs attractifs pour le coaching BODYHIT, une m\u00e9thode innovante de fitness qui combine \u00e9lectrostimulation et entra\u00eenement personnalis\u00e9. Obtenez des r\u00e9sultats rapides et efficaces pour atteindre vos objectifs de remise en forme. Consultez nos offres et d\u00e9marrez votre transformation d\u00e8s aujourd'hui !","_seopress_robots_index":"","_seopress_analysis_target_kw":"","_et_pb_use_builder":"","_et_pb_old_content":"","_et_gb_content_width":"","_glsr_average":0,"_glsr_ranking":0,"_glsr_reviews":0,"footnotes":""},"class_list":{"0":"post-91097","1":"page","2":"type-page","3":"status-publish","4":"has-post-thumbnail","6":"infinite-scroll-item"},"acf":[],"jetpack_sharing_enabled":true,"_links":{"self":[{"href":"https:\/\/intercoaching.fr\/en_ca\/wp-json\/wp\/v2\/pages\/91097","targetHints":{"allow":["GET"]}}],"collection":[{"href":"https:\/\/intercoaching.fr\/en_ca\/wp-json\/wp\/v2\/pages"}],"about":[{"href":"https:\/\/intercoaching.fr\/en_ca\/wp-json\/wp\/v2\/types\/page"}],"author":[{"embeddable":true,"href":"https:\/\/intercoaching.fr\/en_ca\/wp-json\/wp\/v2\/users\/5"}],"replies":[{"embeddable":true,"href":"https:\/\/intercoaching.fr\/en_ca\/wp-json\/wp\/v2\/comments?post=91097"}],"version-history":[{"count":0,"href":"https:\/\/intercoaching.fr\/en_ca\/wp-json\/wp\/v2\/pages\/91097\/revisions"}],"up":[{"embeddable":true,"href":"https:\/\/intercoaching.fr\/en_ca\/wp-json\/wp\/v2\/pages\/91085"}],"wp:featuredmedia":[{"embeddable":true,"href":"https:\/\/intercoaching.fr\/en_ca\/wp-json\/wp\/v2\/media\/91098"}],"wp:attachment":[{"href":"https:\/\/intercoaching.fr\/en_ca\/wp-json\/wp\/v2\/media?parent=91097"}],"curies":[{"name":"wp","href":"https:\/\/api.w.org\/{rel}","templated":true}]}}