{"id":91206,"date":"2024-10-29T16:56:39","date_gmt":"2024-10-29T15:56:39","guid":{"rendered":"https:\/\/intercoaching.fr\/prix-tarif-coaching-salles-de-sport\/prix-tarif-coaching-afit-gym\/"},"modified":"2024-10-29T16:56:39","modified_gmt":"2024-10-29T15:56:39","slug":"prix-tarif-coaching-afit-gym","status":"publish","type":"page","link":"https:\/\/intercoaching.fr\/en_ca\/prix-tarif-coaching-salles-de-sport\/prix-tarif-coaching-afit-gym\/","title":{"rendered":"Prix tarif coaching AFIT GYM"},"content":{"rendered":"<figure class=\"wp-block-table\">\n<table>\n<tbody>\n<tr>\n<td>\n            <p><strong>EN BREF<\/strong><\/p>\n            <ul>\n                <li><strong>Coaching<\/strong> \u00e0 domicile : entre 30\u20ac et 50\u20ac par s\u00e9ance.<\/li>\n                <li>En salle, les tarifs varient entre 50\u20ac et 80\u20ac l\u2019heure.<\/li>\n                <li>THE <strong>s\u00e9ances d\u2019essai gratuites<\/strong> dans certaines salles.<\/li>\n                <li><strong>Abonnements mensuels<\/strong> disponibles sans frais de dossier.<\/li>\n                <li>Offre sp\u00e9ciale d\u2019ouverture \u00e0 <strong>Afit Gym Mios<\/strong> avec 50% sur les frais d\u2019inscription.<\/li>\n                <li>Tarifs au sein de <strong>Afit Gym<\/strong> ajust\u00e9s selon les villes et les services.<\/li>\n            <\/ul><p>\n        <\/p><\/td>\n<\/tr>\n<\/tbody>\n<\/table>\n<\/figure>\n\n\n<figure class=\"wp-block-embed is-type-video is-provider-youtube wp-block-embed-youtube wp-embed-aspect-16-9 wp-has-aspect-ratio\">\n<div class=\"wp-block-embed__wrapper\">\n<iframe title=\"massing 101 part 2 #personaltrainer #coaching #bodybuilding #gym #bulking #massing #\" width=\"1200\" height=\"675\" src=\"https:\/\/www.youtube-nocookie.com\/embed\/HhT5y61Y-pc?feature=oembed\" frameborder=\"0\" allow=\"accelerometer; autoplay; clipboard-write; encrypted-media; gyroscope; picture-in-picture; web-share\" referrerpolicy=\"strict-origin-when-cross-origin\" allowfullscreen><\/iframe>\n<\/div>\n<\/figure>\n\n\n\n<p>Dans le vaste univers des salles de sport, AFIT GYM ne cesse de se distinguer avec ses offres de coaching attractives et accessibles. Cet article plonge dans le <strong>tarif du coaching<\/strong> propos\u00e9 par diff\u00e9rentes franchises AFIT GYM, en mettant en lumi\u00e8re les diff\u00e9rences de prix selon les villes, les types de s\u00e9ances, ainsi que les avantages associ\u00e9s. Que vous soyez \u00e0 Mios, Saint-Rapha\u00ebl ou ailleurs, d\u00e9couvrez comment atteindre vos objectifs de fitness tout en respectant votre budget!<\/p>\n\n\n<h2 class=\"wp-block-heading\">Les tarifs de coaching individuel<\/h2>\n\n\n<p>Pour ceux qui recherchent un accompagnement personnalis\u00e9, AFIT GYM propose des s\u00e9ances de coaching individuel \u00e0 des tarifs comp\u00e9titifs. En g\u00e9n\u00e9ral, les prix peuvent varier de <strong>30\u20ac \u00e0 80\u20ac<\/strong> selon la localisation et l\u2019exp\u00e9rience du coach. \u00c0 titre d\u2019exemple, le tarif d\u2019un coach \u00e0 domicile se situe habituellement entre <strong>30\u20ac et 50\u20ac<\/strong> pour une heure de s\u00e9ance. Toutefois, les <a href=\"https:\/\/www.domicilgym.fr\/conseils\/devenir-coach-sportif\/combien-coute-un-coach-sportif\/\">price<\/a> peuvent aller jusqu\u2019\u00e0 80\u20ac dans des contextes sp\u00e9cifiques, notamment dans les grandes villes o\u00f9 la demande est forte.<\/p>\n\n\n<h2 class=\"wp-block-heading\">Les offres \u00e0 prix r\u00e9duit<\/h2>\n\n\n<p>AFIT GYM propose \u00e9galement diverses <strong>offres promotionnelles<\/strong> qui permettent de se lancer en douceur dans le coaching. Par exemple, pour les nouvelles inscriptions \u00e0 la salle de Mios, vous pouvez profiter d\u2019une offre de <strong>pr\u00e9-inscription<\/strong> qui permet d\u2019\u00e9conomiser au moins <strong>74\u20ac<\/strong> sur les tarifs habituels. Cela vous incite \u00e0 vous inscrire sans craindre de d\u00e9sagr\u00e9ments financiers. Pour en savoir plus, cliquez ici : <a href=\"https:\/\/www.afitgym.fr\/p\/pre-inscription-afit-gym-mios\/\">Pr\u00e9-Inscription AFIT GYM Mios<\/a>.<\/p>\n\n\n<h2 class=\"wp-block-heading\">Les formules d\u2019abonnement<\/h2>\n\n\n<p>Les abonnements mensuels chez AFIT GYM permettent d\u2019acc\u00e9der \u00e0 des s\u00e9ances de coaching en groupe et individuel \u00e0 des tarifs tr\u00e8s avantageux. Vous avez aussi la libert\u00e9 de vous entra\u00eener en dehors des horaires d\u2019accueil, ce qui est un vrai plus! L\u2019abonnement est g\u00e9n\u00e9ralement sans <strong>frais de dossier<\/strong>, ce qui all\u00e8ge le co\u00fbt initial. De plus, la possibilit\u00e9 d\u2019avoir un <strong>bilan de sant\u00e9<\/strong> avec un coach est souvent incluse dans cet abonnement, et certaines s\u00e9ances peuvent m\u00eame \u00eatre offertes pour tester le service.<\/p>\n\n\n<h2 class=\"wp-block-heading\">Les autres co\u00fbts et consid\u00e9rations<\/h2>\n\n\n<p>Il est essentiel de garder en m\u00e9moire que selon les salles et les options choisies, le co\u00fbt du coaching peut fluctuer. Par exemple, si vous optez pour un coaching \u00e0 la carte dans des gymnases comme Fitness Park, les tarifs peuvent grimper \u00e0 <strong>50\u20ac \u00e0 70\u20ac<\/strong> de l\u2019heure. \u00c0 AFIT GYM, les tarifs des coachs sont bien mieux calibr\u00e9s pour s\u2019adapter \u00e0 une large vari\u00e9t\u00e9 de budgets.<\/p>\n\n\n<h2 class=\"wp-block-heading\">Pourquoi choisir AFIT GYM?<\/h2>\n\n\n<p>Au-del\u00e0 des tarifs tr\u00e8s attractifs, AFIT GYM se distingue par la qualit\u00e9 de ses coachs sportifs, le cadre convivial et motivant de ses salles, ainsi que par la diversit\u00e9 des <strong>activit\u00e9s propos\u00e9es<\/strong>. Que vous soyez novice ou sportif aguerri, il y a quelque chose pour tout le monde. Des entra\u00eenements vari\u00e9s avec des professionnels vous permettront de rester en mouvement et de ne jamais tomber dans la routine.<\/p>\n\n\n<p>En somme, les tarifs de coaching au sein des salles AFIT GYM offrent un rapport qualit\u00e9-prix ind\u00e9niable. Avec des options vari\u00e9es et des offres promotionnelles, il est plus facile que jamais d\u2019atteindre vos objectifs de fitness sans exploser votre budget. Pour explorer plus en d\u00e9tail ces options, rendez-vous sur le site officiel d\u2019<a href=\"https:\/\/www.afitgym.fr\/p\/1-mois-dabonnement\/\">AFIT GYM<\/a>.<\/p>\n\n\n\n<p>Dans le monde du fitness, les <strong>tarifs de coaching<\/strong> jouent un r\u00f4le essentiel dans le choix d\u2019une salle de sport. Afit Gym, pr\u00e9sent dans plusieurs localit\u00e9s comme Mios et Saint-Rapha\u00ebl Fr\u00e9jus, propose des offres vari\u00e9es qui peuvent convenir \u00e0 tous les budgets. Dans cet article, nous allons explorer les <strong>prix des coachs sportifs<\/strong>, les diff\u00e9rentes formules disponibles et ce qu\u2019elles incluent, afin de vous aider \u00e0 faire le meilleur choix pour vos besoins en mati\u00e8re de condition physique.<\/p>\n\n\n<h2 class=\"wp-block-heading\">Les tarifs de coaching \u00e0 Afit Gym Mios<\/h2>\n\n\n<p>Afit Gym Mios offre une <strong>offre de pr\u00e9-inscription<\/strong> qui permet aux nouveaux membres d\u2019\u00e9conomiser au minimum 74 \u20ac. Cette offre comprend divers services, y compris l\u2019acc\u00e8s \u00e0 une <strong>salle de sport<\/strong> moderne et bien \u00e9quip\u00e9e, ainsi qu\u2019une s\u00e9ance d\u2019essai gratuite pour tester les installations et les activit\u00e9s propos\u00e9es. Une fois la pr\u00e9-inscription compl\u00e9t\u00e9e, il est n\u00e9cessaire de se rendre au gymnase pour finaliser son inscription.<\/p>\n\n\n<h3 class=\"wp-block-heading\">Individual coaching<\/h3>\n\n\n<p>Pour ceux qui pr\u00e9f\u00e8rent un accompagnement personnalis\u00e9, Afit Gym propose des s\u00e9ances avec des <strong>coachs sportifs<\/strong>. Les tarifs horaires pour un coaching personnel oscillent g\u00e9n\u00e9ralement entre 30 \u20ac et 80 \u20ac, en fonction de l\u2019exp\u00e9rience du coach et de la localisation. Un coach \u00e0 domicile peut facturer entre 30 et 50 \u20ac pour une heure de s\u00e9ance, tandis qu\u2019en salle, les tarifs peuvent grimper jusqu\u2019\u00e0 80 \u20ac la s\u00e9ance. Ces options permettent de s\u2019adapter aux pr\u00e9f\u00e9rences de chacun tout en respectant divers budgets.<\/p>\n\n\n<h2 class=\"wp-block-heading\">R\u00e9ductions et offres sp\u00e9ciales<\/h2>\n\n\n<p>Afit Gym propose r\u00e9guli\u00e8rement des offres promotionnelles telles que des <strong>r\u00e9ductions sur les frais d\u2019inscription<\/strong> ou des <strong>s\u00e9ances d\u2019essai gratuites<\/strong>. Par exemple, lors d\u2019une r\u00e9cente campagne de lancement, Afit Gym Mios a mis en avant une r\u00e9duction de 50 % sur les frais d\u2019inscription, rendant l\u2019acc\u00e8s aux installations encore plus attractif pour les nouveaux adh\u00e9rents. De plus, chaque nouveau membre b\u00e9n\u00e9ficie d\u2019un bilan gratuit avec un coach, ce qui est une excellente occasion d\u2019\u00e9tablir des objectifs r\u00e9alistes.<\/p>\n\n\n<h2 class=\"wp-block-heading\">Les co\u00fbts des autres activit\u00e9s<\/h2>\n\n\n<p>En plus du coaching individuel, Afit Gym propose divers <strong>cours collectifs<\/strong> qui sont souvent inclus dans le co\u00fbt d\u2019abonnement mensuel. Ces sessions peuvent inclure des activit\u00e9s telles que le yoga, le pilates, ou encore le HIIT, offrant ainsi des alternatives int\u00e9ressantes pour diversifier les entra\u00eenements sans frais suppl\u00e9mentaires.<\/p>\n\n\n<p>Il est \u00e9galement \u00e0 noter que certaines salles de sport proposent des tarifs avantageux pour les abonnements de longue dur\u00e9e, ce qui peut repr\u00e9senter une opportunit\u00e9 de faire des \u00e9conomies sur le long terme.<\/p>\n\n\n<h2 class=\"wp-block-heading\">Comparaison avec d\u2019autres salles<\/h2>\n\n\n<p>Pour \u00e9valuer si les <strong>tarifs d\u2019Afit Gym<\/strong> correspondent \u00e0 vos attentes, il peut \u00eatre int\u00e9ressant de les comparer avec d\u2019autres salles de sport comme <a href=\"https:\/\/intercoaching.fr\/en_ca\/prix-tarif-coaching-salles-de-sport\/prix-tarif-coaching-cap-tonic\/\">Cap Tonic<\/a>, <a href=\"https:\/\/intercoaching.fr\/en_ca\/prix-tarif-coaching-salles-de-sport\/prix-tarif-coaching-fitness-addict\/\">Fitness Addict<\/a> Or <a href=\"https:\/\/intercoaching.fr\/en_ca\/prix-tarif-coaching-salles-de-sport\/prix-tarif-coaching-makadam-fitness\/\">Makadam Fitness<\/a>. Chacune de ces salles propose des tarifs qui varient selon la localisation et les services offerts. C\u2019est un aspect important \u00e0 consid\u00e9rer pour choisir le meilleur rapport qualit\u00e9-prix.<\/p>\n\n\n<p>Comprendre les <strong>prix des coachs sportifs<\/strong> \u00e0 Afit Gym et les diff\u00e9rentes options de coaching propos\u00e9es est primordial pour prendre une d\u00e9cision \u00e9clair\u00e9e. Avec ses nombreuses offres, Afit Gym s\u2019av\u00e8re \u00eatre une option \u00e0 consid\u00e9rer pour ceux qui cherchent \u00e0 am\u00e9liorer leur condition physique dans un environnement motivant et professionnel.<\/p>","protected":false},"excerpt":{"rendered":"","protected":false},"author":5,"featured_media":91207,"parent":91085,"menu_order":0,"comment_status":"closed","ping_status":"closed","template":"","meta":{"_acf_changed":false,"_seopress_robots_primary_cat":"","_seopress_titles_title":"D\u00e9couvrez les Tarifs Abordables du Coaching chez AFIT GYM !","_seopress_titles_desc":"D\u00e9couvrez les prix et tarifs des s\u00e9ances de coaching chez AFIT GYM. B\u00e9n\u00e9ficiez d'un accompagnement personnalis\u00e9 par des experts pour atteindre vos objectifs fitness. Inscrivez-vous d\u00e8s aujourd'hui et transformez votre entra\u00eenement !","_seopress_robots_index":"","_et_pb_use_builder":"","_et_pb_old_content":"","_et_gb_content_width":"","_glsr_average":0,"_glsr_ranking":0,"_glsr_reviews":0,"footnotes":""},"class_list":{"0":"post-91206","1":"page","2":"type-page","3":"status-publish","4":"has-post-thumbnail","6":"infinite-scroll-item"},"acf":[],"jetpack_sharing_enabled":true,"_links":{"self":[{"href":"https:\/\/intercoaching.fr\/en_ca\/wp-json\/wp\/v2\/pages\/91206","targetHints":{"allow":["GET"]}}],"collection":[{"href":"https:\/\/intercoaching.fr\/en_ca\/wp-json\/wp\/v2\/pages"}],"about":[{"href":"https:\/\/intercoaching.fr\/en_ca\/wp-json\/wp\/v2\/types\/page"}],"author":[{"embeddable":true,"href":"https:\/\/intercoaching.fr\/en_ca\/wp-json\/wp\/v2\/users\/5"}],"replies":[{"embeddable":true,"href":"https:\/\/intercoaching.fr\/en_ca\/wp-json\/wp\/v2\/comments?post=91206"}],"version-history":[{"count":0,"href":"https:\/\/intercoaching.fr\/en_ca\/wp-json\/wp\/v2\/pages\/91206\/revisions"}],"up":[{"embeddable":true,"href":"https:\/\/intercoaching.fr\/en_ca\/wp-json\/wp\/v2\/pages\/91085"}],"wp:featuredmedia":[{"embeddable":true,"href":"https:\/\/intercoaching.fr\/en_ca\/wp-json\/wp\/v2\/media\/91207"}],"wp:attachment":[{"href":"https:\/\/intercoaching.fr\/en_ca\/wp-json\/wp\/v2\/media?parent=91206"}],"curies":[{"name":"wp","href":"https:\/\/api.w.org\/{rel}","templated":true}]}}