{"id":91210,"date":"2024-10-29T16:58:59","date_gmt":"2024-10-29T15:58:59","guid":{"rendered":"https:\/\/intercoaching.fr\/prix-tarif-coaching-salles-de-sport\/prix-tarif-coaching-atlantic-fitness-et-aqua\/"},"modified":"2024-10-29T16:58:59","modified_gmt":"2024-10-29T15:58:59","slug":"prix-tarif-coaching-atlantic-fitness-et-aqua","status":"publish","type":"page","link":"https:\/\/intercoaching.fr\/en_ca\/prix-tarif-coaching-salles-de-sport\/prix-tarif-coaching-atlantic-fitness-et-aqua\/","title":{"rendered":"Prix tarif coaching Atlantic &#8211; Fitness et Aqua"},"content":{"rendered":"<figure class=\"wp-block-table\">\n<table>\n<tbody>\n<tr>\n<td>\n      <p><strong>EN BREF<\/strong><\/p>\n      <ul>\n        <li><strong>Atlantic Fitness et Aqua<\/strong> : salle de sport avec piscine \u00e0 Bordeaux.<\/li>\n        <li>Offre sp\u00e9ciale : <strong>2\u20ac<\/strong> par cours au profit d\u2019une cause.<\/li>\n        <li>Tarifs pour <strong>fitness<\/strong>, <strong>aquagym<\/strong>, And <strong>aquabike<\/strong> adapt\u00e9s aux besoins.<\/li>\n        <li>Coachs professionnels d\u00e9di\u00e9s au <strong>welfare<\/strong>.<\/li>\n        <li>Possibilit\u00e9 de s\u00e9anhes d\u2019essai gratuites ou de r\u00e9ductions.<\/li>\n        <li>Activit\u00e9s aquatiques vari\u00e9es pour un corps en pleine forme.<\/li>\n      <\/ul><p>\n    <\/p><\/td>\n<\/tr>\n<\/tbody>\n<\/table>\n<\/figure>\n\n\n<figure class=\"wp-block-embed is-type-video is-provider-youtube wp-block-embed-youtube wp-embed-aspect-16-9 wp-has-aspect-ratio\">\n<div class=\"wp-block-embed__wrapper\">\n<iframe title=\"Get Up 1 on 1 coaching is here! Link in bio to apply\ud83d\udcc8\ud83d\udd25 #fitnessmotivation #coaching #gym #fitness\" width=\"1200\" height=\"675\" src=\"https:\/\/www.youtube-nocookie.com\/embed\/BwES-WYrnNc?feature=oembed\" frameborder=\"0\" allow=\"accelerometer; autoplay; clipboard-write; encrypted-media; gyroscope; picture-in-picture; web-share\" referrerpolicy=\"strict-origin-when-cross-origin\" allowfullscreen><\/iframe>\n<\/div>\n<\/figure>\n\n\n\n<p>Dans cet article, nous vous proposons un aper\u00e7u complet des <strong>tarifs de coaching<\/strong> dans les salles Atlantic \u2013 Fitness et Aqua. Que vous soyez d\u00e9j\u00e0 un adepte de la salle ou que vous souhaitiez vous lancer dans le monde du fitness et de l\u2019aquagym, comprendre les prix et les diff\u00e9rentes offres disponibles peut grandement faciliter votre choix. Des s\u00e9ances d\u2019aquafitness aux offres sur mesure, nous verrons tout ce qu\u2019il faut savoir pour rester motiv\u00e9 et en forme.<\/p>\n\n\n<h2 class=\"wp-block-heading\">Des offres adapt\u00e9es \u00e0 tous les besoins<\/h2>\n\n\n<p>Atlantic \u2013 Fitness et Aqua se distingue par sa large gamme d\u2019offres qui s\u2019adaptent \u00e0 tous les profils et \u00e0 tous les niveaux. Que vous soyez un sportif averti ou un novice, vous trouverez forc\u00e9ment une formule qui r\u00e9pond \u00e0 vos attentes. Les diff\u00e9rents forfaits et les <strong>prices<\/strong> propos\u00e9s peuvent inclure des s\u00e9ances uniques, des forfaits de 10 s\u00e9ances, ainsi que des options plus \u00e9tendues pour ceux qui souhaitent s\u2019engager sur le long terme.<\/p>\n\n\n<h2 class=\"wp-block-heading\">Tarifs aquagym et aquabike<\/h2>\n\n\n<p>Les cours d\u2019aquagym et d\u2019aquabike sont les <strong>sp\u00e9cialit\u00e9s<\/strong> d\u2019Atlantic, et ils offrent une exp\u00e9rience \u00e0 la fois ludique et b\u00e9n\u00e9fique pour la sant\u00e9. Par exemple, la s\u00e9ance d\u2019aquagym est souvent accessible \u00e0 un tarif tr\u00e8s attractif, permettant \u00e0 chacun de s\u2019initier \u00e0 cette activit\u00e9. Pour en savoir plus sur les tarifs de l\u2019aquagym ou d\u00e9couvrir d\u2019autres activit\u00e9s aquatiques, vous pouvez consulter les informations disponibles sur le site de <a href=\"https:\/\/www.planet-aqua.fr\/tout-savoir-sur-laquagym-le-guide-complet\/#:~:text=L'aquagym%20consiste%20en%20la,cardio%20et%20le%20renforcement%20musculaire\">Planet Aqua<\/a>.<\/p>\n\n\n<h2 class=\"wp-block-heading\">Coaching personnalis\u00e9 \u00e0 prix comp\u00e9titifs<\/h2>\n\n\n<p>Chez Atlantic, le coaching personnalis\u00e9 est \u00e0 port\u00e9e de main. Vous pouvez opter pour des s\u00e9ances priv\u00e9es avec des coachs exp\u00e9riment\u00e9s qui sauront adapter les exercices \u00e0 vos besoins sp\u00e9cifiques. Les prix du coaching peuvent varier selon le type de s\u00e9ance choisie, mais il est possible de b\u00e9n\u00e9ficier de remises int\u00e9ressantes en r\u00e9servant plusieurs s\u00e9ances \u00e0 l\u2019avance. Pour d\u00e9couvrir les tarifs de coaching personnalis\u00e9s, vous pouvez \u00e9galement consulter des ressources comme <a href=\"https:\/\/intercoaching.fr\/en_ca\/prix-tarif-coaching-salles-de-sport\/prix-tarif-coaching-lady-fit-club\/\">Intercoaching<\/a>.<\/p>\n\n\n<h2 class=\"wp-block-heading\">Des tarifs sp\u00e9ciaux pour soutenir des causes<\/h2>\n\n\n<p>Atlantic sait s\u2019engager dans des causes importantes. \u00c0 l\u2019occasion d\u2019\u00e9v\u00e9nements comme Octobre Rose, il est possible de participer \u00e0 des cours pour seulement 2\u20ac, une belle initiative qui permet de s\u2019adonner \u00e0 une activit\u00e9 tout en soutenant la recherche contre le cancer du sein. Ces \u00e9v\u00e9nements ajoutent une dimension sociale \u00e0 votre pratique sportive et vous donnent l\u2019occasion de vous impliquer tout en vous amusant.<\/p>\n\n\n<h2 class=\"wp-block-heading\">Comment s\u2019inscrire et b\u00e9n\u00e9ficier des offres ?<\/h2>\n\n\n<p>Pour profiter des <strong>prices<\/strong> int\u00e9ressants d\u2019Atlantic \u2013 Fitness et Aqua, il est recommand\u00e9 de visiter leur site web o\u00f9 vous trouverez toutes les informations d\u00e9taill\u00e9es sur les formules propos\u00e9es ainsi que leurs prix. N\u2019h\u00e9sitez pas \u00e0 vous inscrire \u00e0 une s\u00e9ance d\u2019essai gratuite pour d\u00e9couvrir l\u2019ambiance des lieux et tester les activit\u00e9s avant de vous engager. En savoir plus sur le fonctionnement des inscriptions et tarifs sur <a href=\"https:\/\/www.masalledesport.com\/salle\/4875,atlantic-bordeaux-cauderan,piscine-avec-activites-fitness,bordeaux,33200,fr\">Atlantic Bordeaux Caud\u00e9ran<\/a>.<\/p>\n\n\n\n<h2 class=\"wp-block-heading\">Une Plong\u00e9e dans les Tarifs de Coaching chez Atlantic \u2013 Fitness et Aqua<\/h2>\n\n\n<p>Vous souhaitez d\u00e9couvrir les <strong>prix tarif coaching<\/strong> chez Atlantic \u2013 Fitness et Aqua ? Cet article vous propose une analyse des offres vari\u00e9es qui s\u2019offrent \u00e0 vous pour essayer de vous aider \u00e0 choisir la formule qui correspond au mieux \u00e0 vos besoins. Que vous soyez d\u00e9butant ou d\u00e9j\u00e0 sportif aguerri, ces informations vous permettront d\u2019optimiser votre exp\u00e9rience de remise en forme.<\/p>\n\n\n<h2 class=\"wp-block-heading\">Une Offre Diversifi\u00e9e de Coaching<\/h2>\n\n\n<p>Atlantic \u2013 Fitness et Aqua propose une multitude d\u2019options de <strong>coaching<\/strong> adapt\u00e9es \u00e0 tous les profils. Des cours collectifs d\u2019aquagym et de fitness, jusqu\u2019aux s\u00e9ances de coaching individuelles, il y a quelque chose pour chaque sportif. Les programmes sont sp\u00e9cialement con\u00e7us pour vous aider \u00e0 atteindre vos objectifs tout en gardant votre sant\u00e9 \u00e0 c\u0153ur. Par ailleurs, les cours sont anim\u00e9s par des coachs professionnels qui vous guideront et motiveront tout au long de votre parcours.<\/p>\n\n\n<h3 class=\"wp-block-heading\">Des Tarifs Accessibles et Avantageux<\/h3>\n\n\n<p>Les tarifs propos\u00e9s par Atlantic sont <strong>abordables<\/strong>, avec des options allant de 2\u20ac par cours pour certaines sessions jusqu\u2019\u00e0 des forfaits qui vous permettent de profiter d\u2019un nombre de s\u00e9ances \u00e0 un tarif r\u00e9duit. Il est \u00e9galement possible d\u2019inviter des amis lors de certaines activit\u00e9s, ce qui rend l\u2019exp\u00e9rience encore plus plaisante. La pr\u00e9sence d\u2019un tarif sp\u00e9cial \u00e0 l\u2019occasion d\u2019\u00e9v\u00e9nements comme Octobre Rose est une belle initiative pour allier sport et soutien \u00e0 des causes importantes.<\/p>\n\n\n<h2 class=\"wp-block-heading\">\u00c0 la Recherche de Flexibilit\u00e9 ?<\/h2>\n\n\n<p>Que vous cherchiez \u00e0 vous engager dans le long terme ou \u00e0 essayer quelque chose de nouveau, Atlantic \u2013 Fitness et Aqua propose des <strong>formules sur mesure<\/strong>. Vous aurez un large choix entre des forfaits pour un certain nombre de s\u00e9ances ou des options de paiements \u00e0 la s\u00e9ance. Cette flexibilit\u00e9 vous permet d\u2019ajuster votre programme selon vos capacit\u00e9s physiques et vos disponibilit\u00e9s.<\/p>\n\n\n<h3 class=\"wp-block-heading\">S\u00e9ances d\u2019Essai Gratuite<\/h3>\n\n\n<p>Pour ceux qui h\u00e9sitent encore, Atlantic vous offre l\u2019opportunit\u00e9 de b\u00e9n\u00e9ficier d\u2019une <strong>s\u00e9ance d\u2019essai gratuite<\/strong>. C\u2019est un excellent moyen de d\u00e9couvrir toutes les activit\u00e9s disponibles dans la salle de sport, d\u2019\u00e9valuer les coachs et de d\u00e9terminer si l\u2019ambiance vous convient le mieux. Profiter d\u2019une premi\u00e8re s\u00e9ance sans engagement est un atout majeur pour \u00e9tablir une relation de confiance entre vous et votre lieu de entra\u00eenement.<\/p>\n\n\n<h2 class=\"wp-block-heading\">Les Avantages des Cours Collectifs<\/h2>\n\n\n<p>Les cours collectifs, tels que l\u2019aquagym et l\u2019aquabike, sont une autre facette attrayante des offres d\u2019Atlantic \u2013 Fitness et Aqua. Ils permettent non seulement de faire de l\u2019exercice tout en s\u2019amusant, mais aussi de cr\u00e9er une <strong>communaut\u00e9<\/strong> et de nouer des liens avec d\u2019autres passionn\u00e9s de fitness. Le travail en \u00e9quipe peut \u00e9galement \u00eatre une belle source de motivation qui vous incitera \u00e0 donner le meilleur de vous-m\u00eame lors des s\u00e9ances.<\/p>\n\n\n<h2 class=\"wp-block-heading\">Tarifs Adapt\u00e9s aux Besoins de Chacun<\/h2>\n\n\n<p>Les diff\u00e9rentes options de <strong>tarification<\/strong> sont pens\u00e9es pour r\u00e9pondre aux profils vari\u00e9s. Que ce soit pour des s\u00e9ances uniques, des forfaits de 10 s\u00e9ances, ou m\u00eame des tarifs pour des sessions sp\u00e9cifiques, Atlantic \u2013 Fitness et Aqua a clairement pens\u00e9 \u00e0 tout le monde. Cette adaptabilit\u00e9 est une des raisons pour lesquelles cette salle de sport est pris\u00e9e \u00e0 Bordeaux.<\/p>\n\n\n<p>Pour en savoir plus sur les diff\u00e9rents tarifs de coaching, consultez les offres de <a href=\"https:\/\/intercoaching.fr\/en_ca\/prix-tarif-coaching-salles-de-sport\/prix-tarif-coaching-stigupp\/\">Stigupp<\/a>, <a href=\"https:\/\/intercoaching.fr\/en_ca\/prix-tarif-coaching-salles-de-sport\/prix-tarif-coaching-fitness-addict\/\">Fitness Addict<\/a>, <a href=\"https:\/\/intercoaching.fr\/en_ca\/prix-tarif-coaching-salles-de-sport\/prix-tarif-coaching-freedom-fitness\/\">Freedom Fitness<\/a>, <a href=\"https:\/\/intercoaching.fr\/en_ca\/prix-tarif-coaching-salles-de-sport\/prix-tarif-coaching-athletica-club\/\">Athletica Club<\/a>, And <a href=\"https:\/\/intercoaching.fr\/en_ca\/prix-tarif-coaching-salles-de-sport\/prix-tarif-coaching-sport-avenue\/\">Sport Avenue<\/a>.<\/p>","protected":false},"excerpt":{"rendered":"","protected":false},"author":5,"featured_media":91211,"parent":91085,"menu_order":0,"comment_status":"closed","ping_status":"closed","template":"","meta":{"_acf_changed":false,"_seopress_robots_primary_cat":"","_seopress_titles_title":"Optimisez Votre Forme : D\u00e9couvrez les Tarifs du Coaching Fitness et Aqua \u00e0 l'Atlantic","_seopress_titles_desc":"D\u00e9couvrez les tarifs comp\u00e9titifs du coaching Atlantic - Fitness et Aqua. Profitez d'un encadrement personnalis\u00e9 pour atteindre vos objectifs sportifs gr\u00e2ce \u00e0 nos programmes adapt\u00e9s. Inscrivez-vous d\u00e8s maintenant et transformez votre exp\u00e9rience fitness en un moment inoubliable.","_seopress_robots_index":"","_seopress_analysis_target_kw":"","_et_pb_use_builder":"","_et_pb_old_content":"","_et_gb_content_width":"","_glsr_average":0,"_glsr_ranking":0,"_glsr_reviews":0,"footnotes":""},"class_list":{"0":"post-91210","1":"page","2":"type-page","3":"status-publish","4":"has-post-thumbnail","6":"infinite-scroll-item"},"acf":[],"jetpack_sharing_enabled":true,"_links":{"self":[{"href":"https:\/\/intercoaching.fr\/en_ca\/wp-json\/wp\/v2\/pages\/91210","targetHints":{"allow":["GET"]}}],"collection":[{"href":"https:\/\/intercoaching.fr\/en_ca\/wp-json\/wp\/v2\/pages"}],"about":[{"href":"https:\/\/intercoaching.fr\/en_ca\/wp-json\/wp\/v2\/types\/page"}],"author":[{"embeddable":true,"href":"https:\/\/intercoaching.fr\/en_ca\/wp-json\/wp\/v2\/users\/5"}],"replies":[{"embeddable":true,"href":"https:\/\/intercoaching.fr\/en_ca\/wp-json\/wp\/v2\/comments?post=91210"}],"version-history":[{"count":0,"href":"https:\/\/intercoaching.fr\/en_ca\/wp-json\/wp\/v2\/pages\/91210\/revisions"}],"up":[{"embeddable":true,"href":"https:\/\/intercoaching.fr\/en_ca\/wp-json\/wp\/v2\/pages\/91085"}],"wp:featuredmedia":[{"embeddable":true,"href":"https:\/\/intercoaching.fr\/en_ca\/wp-json\/wp\/v2\/media\/91211"}],"wp:attachment":[{"href":"https:\/\/intercoaching.fr\/en_ca\/wp-json\/wp\/v2\/media?parent=91210"}],"curies":[{"name":"wp","href":"https:\/\/api.w.org\/{rel}","templated":true}]}}