{"id":108,"date":"2020-11-20T08:31:59","date_gmt":"2020-11-20T08:31:59","guid":{"rendered":"https:\/\/intercoaching.fr\/?page_id=108"},"modified":"2021-03-03T08:52:42","modified_gmt":"2021-03-03T08:52:42","slug":"accueil","status":"publish","type":"page","link":"https:\/\/intercoaching.fr\/fr_be\/accueil\/","title":{"rendered":"Accueil"},"content":{"rendered":"<p>[et_pb_section fb_built=\u00a0\u00bb1\u2033 admin_label=\u00a0\u00bbsection\u00a0\u00bb _builder_version=\u00a0\u00bb3.22\u2033][et_pb_row admin_label=\u00a0\u00bbrow\u00a0\u00bb _builder_version=\u00a0\u00bb3.25\u2033 background_size=\u00a0\u00bbinitial\u00a0\u00bb background_position=\u00a0\u00bbtop_left\u00a0\u00bb background_repeat=\u00a0\u00bbrepeat\u00a0\u00bb][et_pb_column type=\u00a0\u00bb4_4\u2033 _builder_version=\u00a0\u00bb3.25\u2033 custom_padding=\u00a0\u00bb|||\u00a0\u00bb custom_padding__hover=\u00a0\u00bb|||\u00a0\u00bb][et_pb_text admin_label=\u00a0\u00bbText\u00a0\u00bb _builder_version=\u00a0\u00bb3.27.4\u2033 background_size=\u00a0\u00bbinitial\u00a0\u00bb background_position=\u00a0\u00bbtop_left\u00a0\u00bb background_repeat=\u00a0\u00bbrepeat\u00a0\u00bb]<\/p>\n<h1>Intercoaching.fr la r\u00e9f\u00e9rence des coachs et des formations en ligne !<\/h1>\n<p>Notre organisation \u00e0 pour but de soutenir ceux qui souhaites se former en ligne et op\u00e9rer une reconversion professionnelle. Nous voulons soutenir les vocations et les personnes souhaitant changer de vie en mettant en \u0153uvre tous les outils n\u00e9cessaires. Nous croyons en l\u2019importance d\u2019entretenir la confiance en soi et le mindset tout en vous vocalisant sur vos talents, pour cela nous proposons des programmes de formations en ligne les plus complets.<\/p>\n<p>Etre conseill\u00e9 et accompagn\u00e9 dans vos projets est d\u2019une importance capital si vous voulez avancer de mani\u00e8re s\u00e9curis\u00e9 tout en ayant une vie \u00e9panouie et authentique.<\/p>\n<p>Au travers de nos exp\u00e9riences, nous sommes en mesure de vous proposer des formations qualifiantes finan\u00e7able via le CPF (Compte Professionnel de Formation) mais aussi vous pr\u00e9parer \u00e0 d\u00e9finir votre personnalit\u00e9 afin d\u2019am\u00e9liorer vos performances au sein de votre entreprise ou au travers de vos projets (immobilier, business en ligne).<\/p>\n<p>Nous allons donc vous fournir les leviers qui vous permettrons pas seulement de vous enrichir financi\u00e8rement mais aussi d\u2019am\u00e9liorer votre vie et celle de vos proches dans une d\u00e9marche de d\u00e9veloppement personnel.<\/p>\n<p>[\/et_pb_text][\/et_pb_column][\/et_pb_row][\/et_pb_section][et_pb_section fb_built=\u00a0\u00bb1\u2033 _builder_version=\u00a0\u00bb4.9.0\u2033 _module_preset=\u00a0\u00bbdefault\u00a0\u00bb][et_pb_row _builder_version=\u00a0\u00bb4.9.0\u2033 _module_preset=\u00a0\u00bbdefault\u00a0\u00bb][et_pb_column _builder_version=\u00a0\u00bb4.9.0\u2033 _module_preset=\u00a0\u00bbdefault\u00a0\u00bb type=\u00a0\u00bb4_4\u2033][et_pb_blog _builder_version=\u00a0\u00bb4.9.0\u2033 _module_preset=\u00a0\u00bbdefault\u00a0\u00bb hover_enabled=\u00a0\u00bb0\u2033 sticky_enabled=\u00a0\u00bb0\u2033][\/et_pb_blog][\/et_pb_column][\/et_pb_row][\/et_pb_section]<\/p>\n\n\n","protected":false},"excerpt":{"rendered":"","protected":false},"author":1,"featured_media":83400,"parent":0,"menu_order":0,"comment_status":"closed","ping_status":"closed","template":"","meta":{"_acf_changed":false,"_seopress_robots_primary_cat":"","_seopress_titles_title":"Intercoaching.fr r\u00e9f\u00e9rence Coach et Formations en Ligne !","_seopress_titles_desc":"Notre organisation \u00e0 pour but de soutenir ceux qui souhaites se former en ligne et op\u00e9rer une reconversion professionnelle.","_seopress_robots_index":"","_et_pb_use_builder":"on","_et_pb_old_content":"<h1>Intercoaching.fr la r\u00e9f\u00e9rence des coachs et des formations en ligne !<\/h1>\r\nNotre organisation \u00e0 pour but de soutenir ceux qui souhaites se former en ligne et op\u00e9rer une reconversion professionnelle. Nous voulons soutenir les vocations et les personnes souhaitant changer de vie en mettant en \u0153uvre tous les outils n\u00e9cessaires. Nous croyons en l'importance d'entretenir la confiance en soi et le mindset tout en vous vocalisant sur vos talents, pour cela nous proposons des programmes de formations en ligne les plus complets.\r\n\r\nEtre conseill\u00e9 et accompagn\u00e9 dans vos projets est d'une importance capital si vous voulez avancer de mani\u00e8re s\u00e9curis\u00e9 tout en ayant une vie \u00e9panouie et authentique.\r\n\r\nAu travers de nos exp\u00e9riences, nous sommes en mesure de vous proposer des formations qualifiantes finan\u00e7able via le CPF (Compte Professionnel de Formation) mais aussi vous pr\u00e9parer \u00e0 d\u00e9finir votre personnalit\u00e9 afin d'am\u00e9liorer vos performances au sein de votre entreprise ou au travers de vos projets (immobilier, business en ligne).\r\n\r\nNous allons donc vous fournir les leviers qui vous permettrons pas seulement de vous enrichir financi\u00e8rement mais aussi d'am\u00e9liorer votre vie et celle de vos proches dans une d\u00e9marche de d\u00e9veloppement personnel.","_et_gb_content_width":"","_glsr_average":0,"_glsr_ranking":0,"_glsr_reviews":0,"footnotes":""},"class_list":{"0":"post-108","1":"page","2":"type-page","3":"status-publish","4":"has-post-thumbnail","6":"infinite-scroll-item"},"acf":[],"jetpack_sharing_enabled":true,"_links":{"self":[{"href":"https:\/\/intercoaching.fr\/fr_be\/wp-json\/wp\/v2\/pages\/108","targetHints":{"allow":["GET"]}}],"collection":[{"href":"https:\/\/intercoaching.fr\/fr_be\/wp-json\/wp\/v2\/pages"}],"about":[{"href":"https:\/\/intercoaching.fr\/fr_be\/wp-json\/wp\/v2\/types\/page"}],"author":[{"embeddable":true,"href":"https:\/\/intercoaching.fr\/fr_be\/wp-json\/wp\/v2\/users\/1"}],"replies":[{"embeddable":true,"href":"https:\/\/intercoaching.fr\/fr_be\/wp-json\/wp\/v2\/comments?post=108"}],"version-history":[{"count":3,"href":"https:\/\/intercoaching.fr\/fr_be\/wp-json\/wp\/v2\/pages\/108\/revisions"}],"predecessor-version":[{"id":213,"href":"https:\/\/intercoaching.fr\/fr_be\/wp-json\/wp\/v2\/pages\/108\/revisions\/213"}],"wp:featuredmedia":[{"embeddable":true,"href":"https:\/\/intercoaching.fr\/fr_be\/wp-json\/wp\/v2\/media\/83400"}],"wp:attachment":[{"href":"https:\/\/intercoaching.fr\/fr_be\/wp-json\/wp\/v2\/media?parent=108"}],"curies":[{"name":"wp","href":"https:\/\/api.w.org\/{rel}","templated":true}]}}