{"id":84781,"date":"2024-01-14T22:07:06","date_gmt":"2024-01-14T21:07:06","guid":{"rendered":"https:\/\/intercoaching.fr\/developpement-personnel\/meditation-et-visualisation\/techniques-de-meditation\/meditation-en-pleine-conscience\/"},"modified":"2024-01-14T22:07:06","modified_gmt":"2024-01-14T21:07:06","slug":"meditation-en-pleine-conscience","status":"publish","type":"page","link":"https:\/\/intercoaching.fr\/fr_be\/developpement-personnel\/meditation-et-visualisation\/techniques-de-meditation\/meditation-en-pleine-conscience\/","title":{"rendered":"M\u00e9ditation en pleine conscience"},"content":{"rendered":"<h2 class=\"wp-block-heading\">M\u00e9ditation et visualisation<\/h2>\n\n\n<p>La m\u00e9ditation et la visualisation sont deux pratiques puissantes qui peuvent amener de nombreux bienfaits dans notre vie quotidienne. Que vous souhaitiez r\u00e9duire le stress, am\u00e9liorer votre concentration, renforcer votre confiance en vous ou atteindre vos objectifs, ces deux techniques peuvent vous aider \u00e0 vous connecter \u00e0 votre esprit et \u00e0 exploiter tout son potentiel. Dans cet article, nous explorerons les concepts de base de la m\u00e9ditation et de la visualisation, et nous vous guiderons \u00e0 travers des exercices pratiques pour commencer \u00e0 les int\u00e9grer dans votre vie.<\/p>\n\n\n<h3 class=\"wp-block-heading\">La m\u00e9ditation : se connecter \u00e0 l\u2019instant pr\u00e9sent<\/h3>\n\n\n<p>La m\u00e9ditation est une pratique qui consiste \u00e0 porter son attention sur le moment pr\u00e9sent, en laissant de c\u00f4t\u00e9 les pens\u00e9es et les soucis du pass\u00e9 et du futur. En se concentrant sur sa respiration, ses sensations corporelles ou ses \u00e9motions, on apprend \u00e0 cultiver la pleine conscience et \u00e0 \u00eatre pr\u00e9sent \u00e0 ce qui se passe en nous et autour de nous. La m\u00e9ditation r\u00e9guli\u00e8re permet de d\u00e9velopper la clart\u00e9 mentale, de r\u00e9duire le stress et l\u2019anxi\u00e9t\u00e9, et d\u2019am\u00e9liorer notre bien-\u00eatre global.<\/p>\n\n\n<h4 class=\"wp-block-heading\">La visualisation : cr\u00e9er sa r\u00e9alit\u00e9<\/h4>\n\n\n<p>La visualisation est une technique qui consiste \u00e0 cr\u00e9er des images mentales positives pour atteindre nos objectifs et r\u00e9aliser nos r\u00eaves. En utilisant notre imagination de mani\u00e8re consciente, nous pouvons programmer notre esprit pour nous aider \u00e0 surmonter les obstacles, \u00e0 attirer les opportunit\u00e9s et \u00e0 d\u00e9velopper notre confiance en nous. La visualisation implique de se plonger dans un \u00e9tat de relaxation profonde, d\u2019imaginer avec tous nos sens l\u2019accomplissement de nos d\u00e9sirs, et de ressentir les \u00e9motions positives associ\u00e9es \u00e0 cette visualisation.<\/p>\n\n\n<h4 class=\"wp-block-heading\">La combinaison de la m\u00e9ditation et de la visualisation<\/h4>\n\n\n<p>La m\u00e9ditation et la visualisation sont deux pratiques qui se compl\u00e8tent et se renforcent mutuellement. La m\u00e9ditation nous aide \u00e0 cultiver la pr\u00e9sence et la clart\u00e9 mentale n\u00e9cessaires pour pouvoir visualiser avec pr\u00e9cision nos objectifs et nos d\u00e9sirs. La visualisation, quant \u00e0 elle, nous permet d\u2019utiliser notre esprit m\u00e9ditatif pour renforcer et amplifier la puissance de nos images mentales. En combinant ces deux techniques, nous avons la possibilit\u00e9 de connecter notre esprit et notre corps, de mieux comprendre nos intentions profondes et d\u2019activer les ressources n\u00e9cessaires pour atteindre nos objectifs.<\/p>\n\n\n<h4 class=\"wp-block-heading\">Exercice pratique : m\u00e9ditation de la visualisation cr\u00e9atrice<\/h4>\n\n\n<p>1. Trouvez un endroit calme o\u00f9 vous ne serez pas d\u00e9rang\u00e9.<br>2. Asseyez-vous confortablement avec le dos droit et fermez les yeux.<br>3. Commencez par quelques minutes de m\u00e9ditation en pleine conscience en vous concentrant sur votre respiration.<br>4. Laissez venir \u00e0 vous une image claire de l\u2019objectif ou du r\u00eave que vous souhaitez r\u00e9aliser. Imaginez-le avec tous vos sens : les couleurs, les sons, les odeurs, les sensations physiques.<br>5. Plongez-vous pleinement dans cette visualisation, en ressentant les \u00e9motions positives associ\u00e9es \u00e0 la r\u00e9alisation de votre d\u00e9sir.<br>6. Restez dans cet \u00e9tat de visualisation aussi longtemps que vous le souhaitez, en restant connect\u00e9 \u00e0 votre respiration pour garder votre esprit ancr\u00e9 dans le moment pr\u00e9sent.<br>7. \u00c0 la fin de l\u2019exercice, ramenez doucement votre attention \u00e0 votre respiration et ouvrez les yeux.<\/p>\n\n\n<p>La m\u00e9ditation et la visualisation sont des outils puissants pour exploiter le pouvoir de notre esprit et cr\u00e9er notre r\u00e9alit\u00e9. En int\u00e9grant ces pratiques dans notre vie quotidienne, nous d\u00e9veloppons notre concentration, notre confiance en nous et notre capacit\u00e9 \u00e0 atteindre nos objectifs. La cl\u00e9 r\u00e9side dans la r\u00e9gularit\u00e9 et la constance de la pratique. Alors, pourquoi ne pas commencer d\u00e8s aujourd\u2019hui \u00e0 vous connecter \u00e0 votre potentiel infini ?<\/p>\n\n\n<h2 class=\"wp-block-heading\">M\u00e9ditation en pleine conscience<\/h2>\n\n\n<figure class=\"wp-block-image size-full\">\n<img decoding=\"async\" width=\"1792\" height=\"1024\" src=\"https:\/\/intercoaching.fr\/wp-content\/uploads\/2024\/01\/Meditation-et-visualisation-Meditation-en-pleine-conscience.png\" class=\"attachment-full size-full\" alt=\"m\u00e9ditation et visualisation : m\u00e9ditation en pleine conscience\">\n<\/figure>\n\n\n<figure class=\"wp-block-embed is-type-video is-provider-tiktok wp-block-embed-tiktok\"><div class=\"wp-block-embed__wrapper\">\n<blockquote class=\"tiktok-embed\" cite=\"https:\/\/www.tiktok.com\/@sebastianlopez_hypnose\/video\/7228115506476109062\" data-video-id=\"7228115506476109062\" data-embed-from=\"oembed\" style=\"max-width:605px; min-width:325px;\"> <section> <a target=\"_blank\" title=\"@sebastianlopez_hypnose\" href=\"https:\/\/www.tiktok.com\/@sebastianlopez_hypnose?refer=embed\">@sebastianlopez_hypnose<\/a> <p>Seance de meditation en pleine conscience au sujet de la gratitude. Une meditation simple pour remercier l\u2019univers pour tout ce nous recevons. <a title=\"conscience\" target=\"_blank\" href=\"https:\/\/www.tiktok.com\/tag\/conscience?refer=embed\">#conscience<\/a> <a title=\"meditation\" target=\"_blank\" href=\"https:\/\/www.tiktok.com\/tag\/meditation?refer=embed\">#meditation<\/a> <a title=\"pleineconscience\" target=\"_blank\" href=\"https:\/\/www.tiktok.com\/tag\/pleineconscience?refer=embed\">#pleineconscience<\/a> <a title=\"meditationforbeginners\" target=\"_blank\" href=\"https:\/\/www.tiktok.com\/tag\/meditationforbeginners?refer=embed\">#meditationforbeginners<\/a> <a title=\"om\" target=\"_blank\" href=\"https:\/\/www.tiktok.com\/tag\/om?refer=embed\">#om<\/a> <a title=\"gratitude\" target=\"_blank\" href=\"https:\/\/www.tiktok.com\/tag\/gratitude?refer=embed\">#gratitude<\/a> <a title=\"gratitudemeditation\" target=\"_blank\" href=\"https:\/\/www.tiktok.com\/tag\/gratitudemeditation?refer=embed\">#gratitudemeditation<\/a> <a title=\"om_hypnose\" target=\"_blank\" href=\"https:\/\/www.tiktok.com\/tag\/om_hypnose?refer=embed\">#om_hypnose<\/a> @Sebasti\u00e1n\u2002L\u00f3pez\u2002HYPNOSE <\/p> <a target=\"_blank\" title=\"\u266c Find Your Inner Self-Meditation - Red Blue Studio\" href=\"https:\/\/www.tiktok.com\/music\/Find-Your-Inner-Self-Meditation-6817499316274333697?refer=embed\">\u266c Find Your Inner Self-Meditation \u2013 Red Blue Studio<\/a> <\/section> <\/blockquote> <script async src=\"https:\/\/www.tiktok.com\/embed.js\"><\/script>\n<\/div><\/figure>\n\n\n<p>La m\u00e9ditation en pleine conscience est devenue de plus en plus populaire ces derni\u00e8res ann\u00e9es, en raison des nombreux bienfaits qu\u2019elle apporte \u00e0 notre bien-\u00eatre physique, mental et \u00e9motionnel. Mais qu\u2019est-ce que la m\u00e9ditation en pleine conscience et comment peut-on commencer \u00e0 la pratiquer ? Dans cet article, nous explorerons les bases de la m\u00e9ditation en pleine conscience et vous donnerons des conseils pratiques pour int\u00e9grer cette pratique dans votre vie quotidienne.<\/p>\n\n\n<h3 class=\"wp-block-heading\">Qu\u2019est-ce que la m\u00e9ditation en pleine conscience ?<\/h3>\n\n\n<p>La m\u00e9ditation en pleine conscience est une pratique qui nous invite \u00e0 \u00eatre pleinement pr\u00e9sents et conscients de chaque moment. Elle nous permet de nous connecter profond\u00e9ment avec notre exp\u00e9rience int\u00e9rieure et ext\u00e9rieure sans jugement ni attente. La m\u00e9ditation en pleine conscience peut \u00eatre pratiqu\u00e9e assis, allong\u00e9 ou en marchant, et implique de porter une attention bienveillante \u00e0 notre respiration, \u00e0 nos sensations corporelles, \u00e0 nos pens\u00e9es et \u00e0 nos \u00e9motions.<\/p>\n\n\n<h4 class=\"wp-block-heading\">Les bienfaits de la m\u00e9ditation en pleine conscience<\/h4>\n\n\n<p>La m\u00e9ditation en pleine conscience a de nombreux bienfaits pour notre bien-\u00eatre global. Elle peut aider \u00e0 r\u00e9duire le stress et l\u2019anxi\u00e9t\u00e9, am\u00e9liorer la concentration et la clart\u00e9 mentale, renforcer notre capacit\u00e9 \u00e0 g\u00e9rer les \u00e9motions difficiles, favoriser des relations plus saines et \u00e9quilibr\u00e9es, et augmenter notre sentiment de gratitude et de compassion envers nous-m\u00eames et les autres. De plus, la m\u00e9ditation en pleine conscience peut \u00e9galement contribuer \u00e0 am\u00e9liorer notre sant\u00e9 physique en r\u00e9duisant la tension art\u00e9rielle, en favorisant un sommeil plus r\u00e9parateur et en renfor\u00e7ant notre syst\u00e8me immunitaire.<\/p>\n\n\n<h4 class=\"wp-block-heading\">Comment commencer la m\u00e9ditation en pleine conscience ?<\/h4>\n\n\n<p>Commencer \u00e0 pratiquer la m\u00e9ditation en pleine conscience est plus facile que vous ne le pensez. Voici quelques conseils pratiques pour vous aider \u00e0 bien d\u00e9marrer :<\/p>\n\n\n<ul class=\"wp-block-list\">\n\n<li>Choisissez un moment calme : Trouvez un moment de la journ\u00e9e o\u00f9 vous pouvez vous installer dans un endroit calme, sans distractions.<\/li>\n\n\n<li>Installez-vous confortablement : Asseyez-vous sur un coussin ou une chaise confortable, en gardant le dos droit et les \u00e9paules d\u00e9tendues.<\/li>\n\n\n<li>Commencez par de courtes sessions : Pour commencer, essayez de m\u00e9diter pendant 5 \u00e0 10 minutes par jour. Vous pourrez augmenter la dur\u00e9e de vos sessions au fur et \u00e0 mesure que vous vous sentirez plus \u00e0 l\u2019aise.<\/li>\n\n\n<li>Portez votre attention sur votre respiration : Focalisez votre attention sur votre respiration naturelle, sans essayer de la contr\u00f4ler. Ressentez le mouvement de l\u2019air qui entre et sort de votre corps.<\/li>\n\n\n<li>Observez vos sensations corporelles : Portez votre attention sur les sensations physiques de votre corps, sans jugement. Ressentez les diff\u00e9rentes parties de votre corps et observez les sensations qui y sont pr\u00e9sentes.<\/li>\n\n\n<li>Acceptez vos pens\u00e9es et \u00e9motions : Lorsque des pens\u00e9es ou des \u00e9motions surgissent, observez-les sans jugement et laissez-les passer. Revenez simplement \u00e0 votre respiration ou \u00e0 vos sensations corporelles.<\/li>\n\n\n<li>Pratiquez la gratitude : Terminez chaque s\u00e9ance de m\u00e9ditation en pleine conscience en exprimant votre gratitude envers vous-m\u00eame pour avoir pris le temps de vous connecter avec votre exp\u00e9rience int\u00e9rieure.<\/li>\n\n<\/ul>\n\n\n<h4 class=\"wp-block-heading\">Int\u00e9grez la m\u00e9ditation en pleine conscience dans votre vie quotidienne<\/h4>\n\n\n<p>Pour profiter pleinement des bienfaits de la m\u00e9ditation en pleine conscience, il est important de l\u2019int\u00e9grer dans votre vie quotidienne. Voici quelques id\u00e9es pour le faire :<\/p>\n\n\n<ul class=\"wp-block-list\">\n\n<li>Commencez par de courtes pauses : Prenez quelques minutes de pause tout au long de votre journ\u00e9e pour vous recentrer et vous reconnecter avec votre respiration. Cela peut \u00eatre aussi simple que de vous asseoir confortablement et de prendre quelques respirations profondes.<\/li>\n\n\n<li>Pratiquez la pleine conscience pendant vos activit\u00e9s quotidiennes : Essayez de porter une attention pleine et consciente \u00e0 vos actions quotidiennes, que ce soit en vous brossant les dents, en prenant une douche ou en mangeant. Soyez pleinement pr\u00e9sent \u00e0 chaque \u00e9tape du processus.<\/li>\n\n\n<li>Rejoignez un groupe de m\u00e9ditation en pleine conscience : Si vous souhaitez approfondir votre pratique, rejoindre un groupe de m\u00e9ditation en pleine conscience peut \u00eatre b\u00e9n\u00e9fique. Vous pourrez ainsi partager votre exp\u00e9rience et recevoir des conseils suppl\u00e9mentaires.<\/li>\n\n\n<li>Utilisez des applications de m\u00e9ditation : Il existe de nombreuses applications de m\u00e9ditation en pleine conscience disponibles aujourd\u2019hui, qui vous guideront \u00e0 travers diff\u00e9rentes pratiques de m\u00e9ditation et vous aideront \u00e0 rester motiv\u00e9.<\/li>\n\n<\/ul>\n\n\n<p>En conclusion, la m\u00e9ditation en pleine conscience peut \u00eatre un outil puissant pour favoriser notre bien-\u00eatre physique, mental et \u00e9motionnel. En int\u00e9grant cette pratique dans notre vie quotidienne, nous d\u00e9veloppons une plus grande conscience de nous-m\u00eames et du monde qui nous entoure. Commencez d\u00e8s aujourd\u2019hui \u00e0 explorer la m\u00e9ditation en pleine conscience et d\u00e9couvrez les nombreux bienfaits qu\u2019elle peut vous apporter.<\/p>","protected":false},"excerpt":{"rendered":"","protected":false},"author":2,"featured_media":84782,"parent":84773,"menu_order":0,"comment_status":"closed","ping_status":"closed","template":"","meta":{"_acf_changed":false,"_seopress_robots_primary_cat":"","_seopress_titles_title":"","_seopress_titles_desc":"","_seopress_robots_index":"","_et_pb_use_builder":"","_et_pb_old_content":"","_et_gb_content_width":"","_glsr_average":0,"_glsr_ranking":0,"_glsr_reviews":0,"footnotes":""},"class_list":{"0":"post-84781","1":"page","2":"type-page","3":"status-publish","4":"has-post-thumbnail","6":"infinite-scroll-item"},"acf":[],"jetpack_sharing_enabled":true,"_links":{"self":[{"href":"https:\/\/intercoaching.fr\/fr_be\/wp-json\/wp\/v2\/pages\/84781","targetHints":{"allow":["GET"]}}],"collection":[{"href":"https:\/\/intercoaching.fr\/fr_be\/wp-json\/wp\/v2\/pages"}],"about":[{"href":"https:\/\/intercoaching.fr\/fr_be\/wp-json\/wp\/v2\/types\/page"}],"author":[{"embeddable":true,"href":"https:\/\/intercoaching.fr\/fr_be\/wp-json\/wp\/v2\/users\/2"}],"replies":[{"embeddable":true,"href":"https:\/\/intercoaching.fr\/fr_be\/wp-json\/wp\/v2\/comments?post=84781"}],"version-history":[{"count":0,"href":"https:\/\/intercoaching.fr\/fr_be\/wp-json\/wp\/v2\/pages\/84781\/revisions"}],"up":[{"embeddable":true,"href":"https:\/\/intercoaching.fr\/fr_be\/wp-json\/wp\/v2\/pages\/84773"}],"wp:featuredmedia":[{"embeddable":true,"href":"https:\/\/intercoaching.fr\/fr_be\/wp-json\/wp\/v2\/media\/84782"}],"wp:attachment":[{"href":"https:\/\/intercoaching.fr\/fr_be\/wp-json\/wp\/v2\/media?parent=84781"}],"curies":[{"name":"wp","href":"https:\/\/api.w.org\/{rel}","templated":true}]}}