{"id":84600,"date":"2024-01-07T17:15:02","date_gmt":"2024-01-07T16:15:02","guid":{"rendered":"https:\/\/intercoaching.fr\/developpement-personnel\/mentalite-de-labondance\/les-impacts-de-la-mentalite-de-labondance\/mentalite-de-labondance-et-bien-etre-personnel\/"},"modified":"2024-01-07T17:15:02","modified_gmt":"2024-01-07T16:15:02","slug":"mentalite-de-labondance-et-bien-etre-personnel","status":"publish","type":"page","link":"https:\/\/intercoaching.fr\/it\/crescita-personale\/mentalite-de-labondance\/les-impacts-de-la-mentalite-de-labondance\/mentalite-de-labondance-et-bien-etre-personnel\/","title":{"rendered":"Mentalit\u00e9 de l&rsquo;abondance et bien-\u00eatre personnel"},"content":{"rendered":"<h2 class=\"wp-block-heading\">Mentalit\u00e9 de l\u2019abondance :<\/h2>\n\n\n<p>La mentalit\u00e9 de l\u2019abondance est un \u00e9tat d\u2019esprit qui favorise la prosp\u00e9rit\u00e9 et la r\u00e9ussite dans tous les aspects de notre vie. C\u2019est une attitude positive et confiante qui nous permet de voir les opportunit\u00e9s, d\u2019attirer l\u2019abondance et de cr\u00e9er une vie \u00e9panouissante.<\/p>\n\n\n<h3 class=\"wp-block-heading\">1. \u00c9liminer les croyances limitantes<\/h3>\n\n\n<p>Pour cultiver une mentalit\u00e9 de l\u2019abondance, il est essentiel de se d\u00e9barrasser des croyances limitantes qui nous retiennent. Les croyances telles que \u00ab\u00a0l\u2019argent est le mal\u00a0\u00bb ou \u00ab\u00a0je ne m\u00e9rite pas d\u2019\u00eatre riche\u00a0\u00bb peuvent entraver notre capacit\u00e9 \u00e0 attirer la prosp\u00e9rit\u00e9. Il est important de prendre conscience de ces croyances et de les remplacer par des croyances positives, telles que \u00ab\u00a0je m\u00e9rite la r\u00e9ussite financi\u00e8re\u00a0\u00bb ou \u00ab\u00a0l\u2019argent est une \u00e9nergie positive qui circule librement dans ma vie\u00a0\u00bb.<\/p>\n\n\n<h4 class=\"wp-block-heading\">2. Pratiquer la gratitude<\/h4>\n\n\n<p>L\u2019une des cl\u00e9s de la mentalit\u00e9 de l\u2019abondance est la gratitude. En \u00e9tant reconnaissant pour ce que nous avons d\u00e9j\u00e0 dans notre vie, nous attirons davantage de choses positives. Prenez l\u2019habitude de tenir un journal de gratitude, o\u00f9 vous notez chaque jour les choses pour lesquelles vous \u00eates reconnaissant. Cela vous aidera \u00e0 cultiver une attitude de gratitude et \u00e0 ouvrir votre esprit \u00e0 l\u2019abondance.<\/p>\n\n\n<h4 class=\"wp-block-heading\">3. Se focaliser sur l\u2019abondance<\/h4>\n\n\n<p>Notre attention d\u00e9termine notre r\u00e9alit\u00e9. En vous concentrant sur l\u2019abondance plut\u00f4t que sur le manque, vous attirerez plus de richesse dans votre vie. Prenez l\u2019habitude de vous focaliser sur vos d\u00e9sirs et vos objectifs, et visualisez-les comme d\u00e9j\u00e0 r\u00e9alis\u00e9s. En agissant comme si vous aviez d\u00e9j\u00e0 atteint l\u2019abondance, vous envoyez des signaux positifs \u00e0 l\u2019univers et vous devenez un aimant \u00e0 opportunit\u00e9s.<\/p>\n\n\n<h4 class=\"wp-block-heading\">4. Prendre des risques calcul\u00e9s<\/h4>\n\n\n<p>Pour atteindre l\u2019abondance, il est parfois n\u00e9cessaire de sortir de sa zone de confort et de prendre des risques calcul\u00e9s. Ne laissez pas la peur de l\u2019\u00e9chec vous retenir. La mentalit\u00e9 de l\u2019abondance est bas\u00e9e sur la confiance en soi et l\u2019audace. Soyez pr\u00eat \u00e0 faire des choix audacieux et \u00e0 sortir des sentiers battus pour atteindre vos objectifs financiers et personnels.<\/p>\n\n\n<h4 class=\"wp-block-heading\">5. Entourer de personnes positives<\/h4>\n\n\n<p>Les personnes avec lesquelles nous passons du temps ont une influence sur notre mentalit\u00e9 et notre vision du monde. Pour cultiver une mentalit\u00e9 de l\u2019abondance, il est important de s\u2019entourer de personnes positives, qui croient en vos r\u00eaves et vous encouragent \u00e0 poursuivre vos objectifs. \u00c9vitez les personnes n\u00e9gatives et toxic qui peuvent saboter votre mentalit\u00e9 de l\u2019abondance.<\/p>\n\n\n<p>La mentalit\u00e9 de l\u2019abondance est un \u00e9tat d\u2019esprit puissant qui peut transformer notre vie. En \u00e9liminant les croyances limitantes, en pratiquant la gratitude, en se focalisant sur l\u2019abondance, en prenant des risques calcul\u00e9s et en s\u2019entourant de personnes positives, nous pouvons attirer la prosp\u00e9rit\u00e9 et cr\u00e9er une vie \u00e9panouissante. Cultivez une mentalit\u00e9 de l\u2019abondance et commencez \u00e0 vivre une vie de prosp\u00e9rit\u00e9 d\u00e8s aujourd\u2019hui.<\/p>\n\n\n<h2 class=\"wp-block-heading\">Mentalit\u00e9 de l\u2019abondance et bien-\u00eatre personnel:<\/h2>\n\n\n<figure class=\"wp-block-image size-full\">\n<img decoding=\"async\" width=\"1792\" height=\"1024\" src=\"https:\/\/intercoaching.fr\/wp-content\/uploads\/2024\/01\/Mentalite-de-labondance-Mentalite-de-labondance-et-bien-etre-personnel.png\" class=\"attachment-full size-full\" alt=\"mentalit\u00e9 de l'abondance : mentalit\u00e9 de l'abondance et bien \u00eatre personnel\">\n<\/figure>\n\n\n<figure class=\"wp-block-embed is-type-video is-provider-youtube wp-block-embed-youtube wp-embed-aspect-16-9 wp-has-aspect-ratio\">\n<div class=\"wp-block-embed__wrapper\">\n<iframe title=\"Attirer la richesse et l'abondance I Me\u0301ditation guide\u0301e nocturne I affirmations positives\" width=\"1200\" height=\"675\" src=\"https:\/\/www.youtube-nocookie.com\/embed\/HU2oVobM_LU?feature=oembed\" frameborder=\"0\" allow=\"accelerometer; autoplay; clipboard-write; encrypted-media; gyroscope; picture-in-picture; web-share\" allowfullscreen><\/iframe>\n<\/div>\n<\/figure>\n\n\n<figure class=\"wp-block-embed is-type-video is-provider-tiktok wp-block-embed-tiktok\"><div class=\"wp-block-embed__wrapper\">\n<blockquote class=\"tiktok-embed\" cite=\"https:\/\/www.tiktok.com\/@thefrenchitch.business_\/video\/7259669619676400922\" data-video-id=\"7259669619676400922\" data-embed-from=\"oembed\" style=\"max-width: 605px;min-width: 325px;\"> <section> <a target=\"_blank\" title=\"@thefrenchitch.business_\" href=\"https:\/\/www.tiktok.com\/@thefrenchitch.business_?refer=embed\">@thefrenchitch.business_<\/a> <p>Comment Passer d\u2019un Mentalit\u00e9 de Pauvret\u00e9 \u00e0 l\u2019Abondance Financi\u00e8re Vous n\u2019\u00eates pas \u00ab destin\u00e9s \u00bb \u00e0 la pauvret\u00e9\u2800\u2800\u2800\u2800\u2800\u2800\u2800\u2800\u2800 C\u2019est une mentalit\u00e9 qui peut \u00eatre chang\u00e9e. L\u2019argent est \u00e0 votre port\u00e9e, il suffit de trouver votre propre chemin pour l\u2019obtenir. <a title=\"pauvret\u00e9\" target=\"_blank\" href=\"https:\/\/www.tiktok.com\/tag\/pauvret%C3%A9?refer=embed\">#pauvret\u00e9<\/a> <a title=\"etatesprit\" target=\"_blank\" href=\"https:\/\/www.tiktok.com\/tag\/etatesprit?refer=embed\">#etatesprit<\/a> <a title=\"mentalit\u00e9\" target=\"_blank\" href=\"https:\/\/www.tiktok.com\/tag\/mentalit%C3%A9?refer=embed\">#mentalit\u00e9<\/a> <a title=\"programm\u00e9\" target=\"_blank\" href=\"https:\/\/www.tiktok.com\/tag\/programm%C3%A9?refer=embed\">#programm\u00e9<\/a> <a title=\"argent\" target=\"_blank\" href=\"https:\/\/www.tiktok.com\/tag\/argent?refer=embed\">#argent<\/a> <a title=\"facile\" target=\"_blank\" href=\"https:\/\/www.tiktok.com\/tag\/facile?refer=embed\">#facile<\/a><\/p> <a target=\"_blank\" title=\"\u266c son original - Alex Hitchens\" href=\"https:\/\/www.tiktok.com\/music\/son-original-7259669539737062171?refer=embed\">\u266c son original \u2013 Alex Hitchens<\/a> <\/section> <\/blockquote> <script async src=\"https:\/\/www.tiktok.com\/embed.js\"><\/script>\n<\/div><\/figure>\n\n\n<p>La mentalit\u00e9 de l\u2019abondance est une approche positive de la vie qui consiste \u00e0 croire que nous pouvons attirer l\u2019abondance dans tous les domaines de notre vie. Cette mentalit\u00e9 nous aide \u00e0 cultiver un \u00e9tat d\u2019esprit positif et optimiste, ce qui se traduit par une meilleure estime de soi, plus de bonheur et de bien-\u00eatre. Dans cet article, nous explorerons comment cultiver une mentalit\u00e9 de l\u2019abondance et comment cela peut avoir un impact positif sur notre bien-\u00eatre personnel.<\/p>\n\n\n<h3 class=\"wp-block-heading\">Comprendre la mentalit\u00e9 de l\u2019abondance<\/h3>\n\n\n<p>La mentalit\u00e9 de l\u2019abondance repose sur l\u2019id\u00e9e que nous sommes tous capables d\u2019attirer ce que nous d\u00e9sirons dans notre vie. Cela demande de croire en nos propres capacit\u00e9s et en l\u2019abondance de ressources disponibles pour nous. En adoptant cette mentalit\u00e9, nous cessons de nous concentrer sur le manque et la limitation, et nous nous concentrons plut\u00f4t sur les opportunit\u00e9s et les possibilit\u00e9s de croissance.<\/p>\n\n\n<h4 class=\"wp-block-heading\">Les bienfaits de la mentalit\u00e9 de l\u2019abondance<\/h4>\n\n\n<p>Cultiver une mentalit\u00e9 de l\u2019abondance peut avoir de nombreux bienfaits pour notre bien-\u00eatre personnel. En adoptant cette mentalit\u00e9, nous sommes plus enclins \u00e0 prendre des risques, \u00e0 sortir de notre zone de confort et \u00e0 voir les \u00e9checs comme des opportunit\u00e9s d\u2019apprentissage. Cela nous permet de d\u00e9velopper notre confiance en nous et d\u2019avancer vers nos objectifs avec une attitude positive.<\/p>\n\n\n<h4 class=\"wp-block-heading\">Pratiques pour cultiver une mentalit\u00e9 de l\u2019abondance<\/h4>\n\n\n<p>1. Pratiquer la gratitude : Prendre le temps chaque jour pour exprimer notre gratitude pour les nombreuses choses positives dans notre vie. Cela nous aide \u00e0 nous concentrer sur ce qui fonctionne plut\u00f4t que sur ce qui ne fonctionne pas.<br>2. Visualiser nos objectifs : Se repr\u00e9senter mentalement ses objectifs et ses r\u00eaves comme s\u2019ils \u00e9taient d\u00e9j\u00e0 r\u00e9alis\u00e9s. Cette pratique nous permet de nous connecter avec nos d\u00e9sirs les plus profonds et de nous motiver \u00e0 les atteindre.<br>3. Affirmations positives : Utiliser des affirmations positives pour renforcer notre confiance en nous et notre croyance en notre capacit\u00e9 \u00e0 attirer l\u2019abondance. R\u00e9p\u00e9ter des phrases telles que \u00ab\u00a0Je m\u00e9rite l\u2019abondance dans tous les domaines de ma vie\u00a0\u00bb ou \u00ab\u00a0Je suis capable de r\u00e9aliser mes r\u00eaves\u00a0\u00bb peut avoir un impact puissant sur notre mentalit\u00e9.<br>4. Entourer de personnes positives : S\u2019entourer de personnes qui partagent notre vision positive de la vie et qui nous soutiennent dans notre d\u00e9marche de cultiver une mentalit\u00e9 de l\u2019abondance. Ces personnes peuvent nous inspirer, nous encourager et nous rappeler que nous sommes capables d\u2019attirer l\u2019abondance dans notre vie.<br>5. Se concentrer sur l\u2019am\u00e9lioration continue : Adopter une mentalit\u00e9 de croissance nous permet de voir les d\u00e9fis comme des opportunit\u00e9s d\u2019apprentissage et de d\u00e9veloppement personnel. En se concentrant sur notre propre croissance et notre capacit\u00e9 \u00e0 apprendre de nos exp\u00e9riences, nous cultivons une mentalit\u00e9 de l\u2019abondance qui nous aide \u00e0 atteindre nos objectifs.<\/p>\n\n\n<p>La mentalit\u00e9 de l\u2019abondance et le bien-\u00eatre personnel sont \u00e9troitement li\u00e9s. En adoptant une mentalit\u00e9 de l\u2019abondance, nous nous permettons d\u2019atteindre notre plein potentiel et de vivre une vie plus \u00e9panouissante. En pratiquant la gratitude, la visualisation, les affirmations positives, en s\u2019entourant de personnes positives et en se concentrant sur l\u2019am\u00e9lioration continue, nous pouvons d\u00e9velopper cette mentalit\u00e9 et faire l\u2019exp\u00e9rience de l\u2019abondance dans tous les domaines de notre vie.<\/p>","protected":false},"excerpt":{"rendered":"","protected":false},"author":2,"featured_media":84601,"parent":84592,"menu_order":0,"comment_status":"closed","ping_status":"closed","template":"","meta":{"_acf_changed":false,"_seopress_robots_primary_cat":"","_seopress_titles_title":"","_seopress_titles_desc":"","_seopress_robots_index":"","_et_pb_use_builder":"","_et_pb_old_content":"","_et_gb_content_width":"","_glsr_average":0,"_glsr_ranking":0,"_glsr_reviews":0,"footnotes":""},"class_list":{"0":"post-84600","1":"page","2":"type-page","3":"status-publish","4":"has-post-thumbnail","6":"infinite-scroll-item"},"acf":[],"jetpack_sharing_enabled":true,"_links":{"self":[{"href":"https:\/\/intercoaching.fr\/it\/wp-json\/wp\/v2\/pages\/84600","targetHints":{"allow":["GET"]}}],"collection":[{"href":"https:\/\/intercoaching.fr\/it\/wp-json\/wp\/v2\/pages"}],"about":[{"href":"https:\/\/intercoaching.fr\/it\/wp-json\/wp\/v2\/types\/page"}],"author":[{"embeddable":true,"href":"https:\/\/intercoaching.fr\/it\/wp-json\/wp\/v2\/users\/2"}],"replies":[{"embeddable":true,"href":"https:\/\/intercoaching.fr\/it\/wp-json\/wp\/v2\/comments?post=84600"}],"version-history":[{"count":0,"href":"https:\/\/intercoaching.fr\/it\/wp-json\/wp\/v2\/pages\/84600\/revisions"}],"up":[{"embeddable":true,"href":"https:\/\/intercoaching.fr\/it\/wp-json\/wp\/v2\/pages\/84592"}],"wp:featuredmedia":[{"embeddable":true,"href":"https:\/\/intercoaching.fr\/it\/wp-json\/wp\/v2\/media\/84601"}],"wp:attachment":[{"href":"https:\/\/intercoaching.fr\/it\/wp-json\/wp\/v2\/media?parent=84600"}],"curies":[{"name":"wp","href":"https:\/\/api.w.org\/{rel}","templated":true}]}}