{"id":736,"date":"2023-05-23T01:17:08","date_gmt":"2023-05-23T01:17:08","guid":{"rendered":"https:\/\/intercoaching.fr\/?page_id=736"},"modified":"2023-05-23T01:53:21","modified_gmt":"2023-05-23T01:53:21","slug":"histoire-et-principes-de-lantenne-de-lecher","status":"publish","type":"page","link":"https:\/\/intercoaching.fr\/pt\/historia-e-principios-da-antena-lecher\/","title":{"rendered":"Hist\u00f3ria e Princ\u00edpios da Antena Lecher"},"content":{"rendered":"<p>EU&#039;<strong>Antena Lecher<\/strong>, um instrumento de medi\u00e7\u00e3o biof\u00edsico, ocupa um lugar significativo nas \u00e1reas de radiestesia e geobiologia. A sua inven\u00e7\u00e3o remonta ao in\u00edcio do s\u00e9culo XX pelo f\u00edsico austr\u00edaco <strong>Ernst Lecher<\/strong>. Neste artigo, exploramos a empolgante hist\u00f3ria da Antena Lecher, seus princ\u00edpios de opera\u00e7\u00e3o e sua aplica\u00e7\u00e3o moderna.<\/p>\n<h2>Hist\u00f3ria da Antena Lecher<\/h2>\n<p>A hist\u00f3ria de<strong>Antena Lecher<\/strong> remonta \u00e0 inven\u00e7\u00e3o do circuito de Lecher pelo f\u00edsico <strong>Ernst Lecher<\/strong>. Ernst Lecher, nascido em 1856, deixou sua marca no mundo cient\u00edfico gra\u00e7as a suas contribui\u00e7\u00f5es significativas para a f\u00edsica, particularmente no campo das ondas eletromagn\u00e9ticas.<\/p>\n<p>Lecher \u00e9 mais conhecido pela inven\u00e7\u00e3o do circuito Lecher, um par de condutores paralelos usados para medir o comprimento de onda das ondas de r\u00e1dio. Este circuito foi posteriormente adaptado para se tornar a antena Lecher que usamos hoje.<\/p>\n<p>Apesar de sua morte em 1926, o impacto de Ernst Lecher ainda \u00e9 vis\u00edvel hoje atrav\u00e9s da antena de Lecher. Em sua homenagem, a antena leva seu nome, comemorando assim suas contribui\u00e7\u00f5es cient\u00edficas.<\/p>\n<h2>Princ\u00edpios da Antena Lecher<\/h2>\n<p>EU&#039;<strong>Antena Lecher<\/strong> trabalha com o princ\u00edpio da resson\u00e2ncia. \u00c9 capaz de detectar e medir campos de energia e frequ\u00eancias eletromagn\u00e9ticas. Ele faz isso usando duas hastes de metal paralelas que podem ser ajustadas em comprimento para corresponder ao comprimento de onda espec\u00edfico da frequ\u00eancia que se deseja detectar.<\/p>\n<p>Quando a antena \u00e9 ajustada para um comprimento espec\u00edfico, ela ressoa com a frequ\u00eancia correspondente. Essa resson\u00e2ncia permite que o usu\u00e1rio da antena detecte a presen\u00e7a dessa frequ\u00eancia espec\u00edfica. Em outras palavras, a antena Lecher funciona como um ressonador seletivo para frequ\u00eancias eletromagn\u00e9ticas.<\/p>\n<h2>Aplica\u00e7\u00f5es modernas da antena Lecher<\/h2>\n<p>Hoje, a antena Lecher \u00e9 amplamente utilizada nas \u00e1reas de geobiologia e radiestesia. Em geobiologia, \u00e9 usado para detectar dist\u00farbios energ\u00e9ticos e campos de estresse geop\u00e1tico. Na radiestesia, pode detectar frequ\u00eancias espec\u00edficas relacionadas a v\u00e1rias condi\u00e7\u00f5es ou problemas, oferecendo assim um meio de diagn\u00f3stico energ\u00e9tico.<\/p>\n<p>Os princ\u00edpios de<strong>Antena Lecher<\/strong> tamb\u00e9m foram integrados em v\u00e1rios cursos de treinamento, permitindo que profissionais e alunos entendam e aproveitem o poder dessa ferramenta. Seja voc\u00ea um profissional ou iniciante nessas \u00e1reas, o conhecimento da hist\u00f3ria e dos princ\u00edpios da antena Lecher \u00e9 uma base s\u00f3lida para o uso eficaz dessa ferramenta.<\/p>\n<h2>Ernst Lecher: Pioneiro das Ondas Eletromagn\u00e9ticas<\/h2>\n<p>Ernst Lecher desempenhou um papel vital no desenvolvimento da compreens\u00e3o cient\u00edfica das ondas eletromagn\u00e9ticas. Ele \u00e9 mais conhecido por desenvolver um m\u00e9todo inovador e preciso para medir os comprimentos de onda e as frequ\u00eancias das ondas eletromagn\u00e9ticas. Foi esse avan\u00e7o que permitiu a cria\u00e7\u00e3o do circuito Lecher, um dispositivo que mais tarde foi adaptado para se tornar o<strong>Antena Lecher<\/strong>.<\/p>\n<p>Ernst Lecher deixou um legado duradouro em f\u00edsica e tecnologia, com seu nome vivendo atrav\u00e9s da antena de Lecher. Seu trabalho influenciou v\u00e1rias gera\u00e7\u00f5es de cientistas, e sua influ\u00eancia continua a ser sentida nos campos modernos da radiestesia e geobiologia.<\/p>\n<h2>O circuito Lecher: um salto tecnol\u00f3gico<\/h2>\n<p>O circuito Lecher \u00e9 uma grande conquista em f\u00edsica e engenharia. Esta inven\u00e7\u00e3o usa dois condutores paralelos para criar um circuito ressonante, permitindo assim a medi\u00e7\u00e3o precisa de comprimentos de onda. O circuito Lecher foi um componente chave no desenvolvimento do r\u00e1dio e outras tecnologias de comunica\u00e7\u00e3o. Permanece hoje uma ferramenta preciosa para a medi\u00e7\u00e3o de frequ\u00eancias, em particular no uso da antena Lecher.<\/p>\n<h2>Radiestesia e Geobiologia: Aplica\u00e7\u00f5es da Antena Lecher<\/h2>\n<p>EU&#039;<strong>Antena Lecher<\/strong> encontrou aplica\u00e7\u00e3o particularmente \u00fatil em radiestesia e geobiologia. Essas disciplinas, que envolvem o estudo de energias sutis e campos eletromagn\u00e9ticos, requerem uma ferramenta precisa para detectar e medir essas energias e frequ\u00eancias. A antena Lecher, com sua capacidade de ressoar com frequ\u00eancias espec\u00edficas, \u00e9 perfeitamente adequada para esta tarefa.<\/p>\n<p>Na radiestesia, a antena Lecher \u00e9 freq\u00fcentemente usada para ajudar a identificar fontes de energias perturbadoras ou nocivas. Em geobiologia, pode ser usado para detectar dist\u00farbios geop\u00e1ticos, como falhas e correntes subterr\u00e2neas. Essas aplica\u00e7\u00f5es s\u00e3o uma ilustra\u00e7\u00e3o clara de como os princ\u00edpios da antena Lecher s\u00e3o usados na pr\u00e1tica.<\/p>\n<h2>A Import\u00e2ncia do Treinamento<\/h2>\n<p>Para usar efetivamente a antena Lecher, um <a href=\"https:\/\/intercoaching.fr\/pt\/guia-completo-para-lecher-antenna-training\/\" target=\"_blank\" rel=\"noopener\"><strong>forma\u00e7\u00e3o de antena Lecher<\/strong><\/a> \u00e9 essencial olhar tamb\u00e9m <a href=\"https:\/\/intercoaching.fr\/pt\/historia-e-principios-da-antena-lecher\/lecher-antenna-course\/\">li\u00e7\u00f5es<\/a>. Este treinamento pode ajudar os usu\u00e1rios a entender como sintonizar corretamente a antena para detectar diferentes frequ\u00eancias, como interpretar os resultados e como usar essas informa\u00e7\u00f5es de forma produtiva.<\/p>\n<p>\u00c9 pensando nisso que foram desenvolvidos cursos de treinamento espec\u00edficos para a antena Lecher. Esses treinamentos ajudam a garantir que aqueles que usam a antena Lecher tenham o conhecimento e as habilidades para faz\u00ea-lo com efic\u00e1cia e seguran\u00e7a.<\/p>\n<h2>A influ\u00eancia da Antena Lecher na Medicina Energ\u00e9tica<\/h2>\n<p>Al\u00e9m de radiestesia e geobiologia, o<strong>Antena Lecher<\/strong> tamb\u00e9m encontrou seu caminho no campo da medicina energ\u00e9tica. A medicina energ\u00e9tica \u00e9 uma abordagem \u00e0 sa\u00fade que reconhece e trabalha com os sistemas de energia do corpo. A antena Lecher \u00e9 freq\u00fcentemente usada para detectar e quantificar desequil\u00edbrios de energia no corpo humano. Os praticantes de medicina energ\u00e9tica usam a antena para identificar problemas potenciais e trabalhar para resolv\u00ea-los.<\/p>\n<h2>A ci\u00eancia por tr\u00e1s da antena Lecher<\/h2>\n<p>EU&#039;<strong>Antena Lecher<\/strong> \u00e9 uma ferramenta precisa baseada em princ\u00edpios cient\u00edficos s\u00f3lidos. O funcionamento da antena \u00e9 baseado no princ\u00edpio da resson\u00e2ncia. Quando um determinado comprimento de onda ou frequ\u00eancia est\u00e1 presente no ambiente, a antena pode ser ajustada para corresponder a esse comprimento de onda. Isso cria resson\u00e2ncia, um fen\u00f4meno que ocorre quando dois objetos t\u00eam a mesma frequ\u00eancia natural de vibra\u00e7\u00e3o.<\/p>\n<p>A precis\u00e3o da Antena Lecher a torna uma ferramenta valiosa para quem trabalha em \u00e1reas que requerem a detec\u00e7\u00e3o e medi\u00e7\u00e3o de frequ\u00eancias espec\u00edficas.<\/p>\n<h2>A Antena Lecher e a Tecnologia Moderna<\/h2>\n<p>No mundo moderno, a antena Lecher continua sendo uma ferramenta valiosa, n\u00e3o apenas para detectar frequ\u00eancias, mas tamb\u00e9m por sua capacidade de interagir com a tecnologia moderna. Por exemplo, alguns dispositivos usam a antena Lecher para melhorar a recep\u00e7\u00e3o e transmiss\u00e3o do sinal.<\/p>\n<p>Al\u00e9m disso, muitos pesquisadores e desenvolvedores est\u00e3o explorando novas maneiras de usar a antena Lecher. Por exemplo, algumas pessoas est\u00e3o investigando como a antena Lecher pode ser usada para melhorar a qualidade da \u00e1gua, alterando sua estrutura de energia.<\/p>\n<h2>A Antena Lecher e o Desenvolvimento Pessoal<\/h2>\n<p>EU&#039;<strong>Antena Lecher<\/strong> tamb\u00e9m tem um papel a desempenhar no desenvolvimento pessoal e espiritual. Muitas pessoas usam a Lecher Antenna para se conectar mais profundamente com sua pr\u00f3pria energia e com a energia do ambiente ao seu redor.<\/p>\n<p>A capacidade da Lecher Antenna de detectar frequ\u00eancias espec\u00edficas pode ajudar os indiv\u00edduos a entender como sua energia interage com a energia de outras pessoas e de seu ambiente. Isso pode levar a uma maior autoconsci\u00eancia e uma maior compreens\u00e3o de como estamos todos conectados em um n\u00edvel energ\u00e9tico.<\/p>\n<h2>O futuro da Antena Lecher<\/h2>\n<p>o futuro de<strong>Antena Lecher<\/strong> \u00e9 promissor. \u00c0 medida que mais e mais pessoas se conscientizam da import\u00e2ncia da energia e das frequ\u00eancias em nossas vidas di\u00e1rias, o interesse por ferramentas como a Lecher Antenna continua a crescer.<\/p>\n<p>Seja na pesquisa cient\u00edfica, na pr\u00e1tica da geobiologia, na medicina energ\u00e9tica ou simplesmente para uso pessoal, a Lecher Antenna continuar\u00e1 a desempenhar um papel importante. Inova\u00e7\u00f5es futuras podem at\u00e9 expandir as aplica\u00e7\u00f5es da Antena Lecher, tornando o futuro muito empolgante para esta valiosa ferramenta.<\/p>\n<p>Em conclus\u00e3o, o<strong>Antena Lecher<\/strong> \u00e9 uma ferramenta fascinante com uma hist\u00f3ria rica e importantes aplica\u00e7\u00f5es em diversas disciplinas. Ao compreender sua hist\u00f3ria e princ\u00edpios, podemos apreciar melhor seu valor e utilidade no mundo de hoje.<\/p>\n<h2>Conclus\u00e3o<\/h2>\n<p>EU&#039;<strong>Antena Lecher<\/strong> \u00e9 um instrumento valioso no mundo moderno, assim como seu inventor, Ernst Lecher, foi uma figura importante no mundo da f\u00edsica. O seu legado vive atrav\u00e9s desta ferramenta, que continua a ser um elemento essencial nas \u00e1reas da geobiologia e da radiestesia. Sua hist\u00f3ria e princ\u00edpios s\u00e3o conhecimentos inestim\u00e1veis para quem aspira dominar esta ferramenta.<\/p>\n<p>Se voc\u00ea deseja aprofundar seus conhecimentos sobre a Antena Lecher e fazer um curso dedicado ao seu uso, consulte nosso <a href=\"https:\/\/intercoaching.fr\/pt\/historia-e-principios-da-antena-lecher\/lecher-antenna-course\/\" target=\"_new\" rel=\"noopener\">p\u00e1gina no curso Lecher Antenna<\/a>. Voc\u00ea encontrar\u00e1 informa\u00e7\u00f5es detalhadas sobre o conte\u00fado do curso, as habilidades desenvolvidas e as vantagens de participar deste treinamento.<\/p>\n<p>Se voc\u00ea estiver interessado em construir sua pr\u00f3pria Antena Lecher, nosso <a href=\"https:\/\/intercoaching.fr\/pt\/historia-e-principios-da-antena-lecher\/fabricacao-antena-de-lecher\/\" target=\"_new\" rel=\"noopener\">guia sobre como fazer a Antena Lecher<\/a> fornecer\u00e1 as etapas necess\u00e1rias para criar seu pr\u00f3prio instrumento. Voc\u00ea aprender\u00e1 sobre os materiais necess\u00e1rios, t\u00e9cnicas de constru\u00e7\u00e3o e conselhos pr\u00e1ticos para fazer uma Lecher Antenna funcional.<\/p>\n<p>Finalmente, se voc\u00ea quiser ler outras an\u00e1lises da Antena Lecher e descobrir as experi\u00eancias de pessoas que a usaram, acesse nosso <a href=\"https:\/\/intercoaching.fr\/pt\/historia-e-principios-da-antena-lecher\/review-antena-de-lecher\/\" target=\"_new\" rel=\"noopener\">p\u00e1gina dedicada a coment\u00e1rios da Antena Lecher<\/a>. Voc\u00ea encontrar\u00e1 depoimentos aut\u00eanticos de pessoas que se beneficiaram desta ferramenta energ\u00e9tica e que compartilham suas impress\u00f5es e resultados.<\/p>\n<p>Explore esses diferentes recursos para aprofundar sua compreens\u00e3o da Antena Lecher, desenvolver suas habilidades e descobrir as m\u00faltiplas aplica\u00e7\u00f5es dessa fascinante ferramenta. Seja atrav\u00e9s de cursos, construindo sua pr\u00f3pria Antena ou lendo as opini\u00f5es de outros usu\u00e1rios, voc\u00ea pode enriquecer sua jornada e explorar ao m\u00e1ximo o potencial da Antena Lecher.<\/p>","protected":false},"excerpt":{"rendered":"","protected":false},"author":1,"featured_media":83395,"parent":0,"menu_order":0,"comment_status":"closed","ping_status":"closed","template":"","meta":{"_acf_changed":false,"_seopress_robots_primary_cat":"","_seopress_titles_title":"","_seopress_titles_desc":"","_seopress_robots_index":"","_seopress_analysis_target_kw":"","_et_pb_use_builder":"","_et_pb_old_content":"","_et_gb_content_width":"","_glsr_average":0,"_glsr_ranking":0,"_glsr_reviews":0,"footnotes":""},"class_list":{"0":"post-736","1":"page","2":"type-page","3":"status-publish","4":"has-post-thumbnail","6":"infinite-scroll-item"},"acf":[],"jetpack_sharing_enabled":true,"_links":{"self":[{"href":"https:\/\/intercoaching.fr\/pt\/wp-json\/wp\/v2\/pages\/736","targetHints":{"allow":["GET"]}}],"collection":[{"href":"https:\/\/intercoaching.fr\/pt\/wp-json\/wp\/v2\/pages"}],"about":[{"href":"https:\/\/intercoaching.fr\/pt\/wp-json\/wp\/v2\/types\/page"}],"author":[{"embeddable":true,"href":"https:\/\/intercoaching.fr\/pt\/wp-json\/wp\/v2\/users\/1"}],"replies":[{"embeddable":true,"href":"https:\/\/intercoaching.fr\/pt\/wp-json\/wp\/v2\/comments?post=736"}],"version-history":[{"count":5,"href":"https:\/\/intercoaching.fr\/pt\/wp-json\/wp\/v2\/pages\/736\/revisions"}],"predecessor-version":[{"id":761,"href":"https:\/\/intercoaching.fr\/pt\/wp-json\/wp\/v2\/pages\/736\/revisions\/761"}],"wp:featuredmedia":[{"embeddable":true,"href":"https:\/\/intercoaching.fr\/pt\/wp-json\/wp\/v2\/media\/83395"}],"wp:attachment":[{"href":"https:\/\/intercoaching.fr\/pt\/wp-json\/wp\/v2\/media?parent=736"}],"curies":[{"name":"wp","href":"https:\/\/api.w.org\/{rel}","templated":true}]}}