{"id":84592,"date":"2024-01-07T07:35:08","date_gmt":"2024-01-07T06:35:08","guid":{"rendered":"https:\/\/intercoaching.fr\/developpement-personnel\/mentalite-de-labondance\/les-impacts-de-la-mentalite-de-labondance\/"},"modified":"2024-01-07T07:35:08","modified_gmt":"2024-01-07T06:35:08","slug":"les-impacts-de-la-mentalite-de-labondance","status":"publish","type":"page","link":"https:\/\/intercoaching.fr\/pt\/desenvolvimento-pessoal\/mentalite-de-labondance\/les-impacts-de-la-mentalite-de-labondance\/","title":{"rendered":"Les impacts de la mentalit\u00e9 de l&rsquo;abondance"},"content":{"rendered":"<h2 class=\"wp-block-heading\">Mentalit\u00e9 de l\u2019abondance<\/h2>\n\n\n<p>La mentalit\u00e9 de l\u2019abondance est une fa\u00e7on de penser qui se caract\u00e9rise par une perspective positive et proactive sur la vie. C\u2019est une approche qui nous permet de reconna\u00eetre et d\u2019appr\u00e9cier les opportunit\u00e9s, les ressources et les possibilit\u00e9s qui nous entourent. En cultivant cette mentalit\u00e9, nous sommes en mesure d\u2019attirer plus de succ\u00e8s, de bonheur et de satisfaction dans notre vie.<\/p>\n\n\n<h3 class=\"wp-block-heading\">Qu\u2019est-ce que la mentalit\u00e9 de l\u2019abondance ?<\/h3>\n\n\n<p>La mentalit\u00e9 de l\u2019abondance repose sur l\u2019id\u00e9e que le monde est rempli de possibilit\u00e9s infinies. Elle nous encourage \u00e0 croire que tout ce dont nous avons besoin et d\u00e9sirons est d\u00e9j\u00e0 \u00e0 notre disposition, et que nous avons le pouvoir de le manifester dans notre r\u00e9alit\u00e9. Cette mentalit\u00e9 se concentre sur l\u2019abondance plut\u00f4t que sur le manque, sur les solutions plut\u00f4t que sur les probl\u00e8mes.<\/p>\n\n\n<h4 class=\"wp-block-heading\">Les principes de la mentalit\u00e9 de l\u2019abondance<\/h4>\n\n\n<p>Pour adopter une mentalit\u00e9 de l\u2019abondance, il est important de comprendre et de mettre en pratique certains principes cl\u00e9s :<\/p>\n\n\n<ol class=\"wp-block-list\">\n\n<li><strong>Gratitude :<\/strong> La gratitude est un \u00e9l\u00e9ment essentiel de la mentalit\u00e9 de l\u2019abondance. En reconnaissant et en appr\u00e9ciant ce que nous avons d\u00e9j\u00e0 dans notre vie, nous attirons davantage de choses positives. La gratitude nous permet de focaliser notre attention sur ce qui fonctionne bien, ce qui renforce notre sentiment d\u2019abondance.<\/li>\n\n\n<li><strong>Confiance :<\/strong> La confiance en soi et en l\u2019univers est fondamentale pour cultiver une mentalit\u00e9 de l\u2019abondance. Cela signifie croire en notre capacit\u00e9 \u00e0 r\u00e9aliser nos r\u00eaves et \u00e0 surmonter les obstacles qui se pr\u00e9sentent sur notre chemin. La confiance nous permet d\u2019agir avec audace et de saisir les opportunit\u00e9s qui se pr\u00e9sentent.<\/li>\n\n\n<li><strong>Visualisation :<\/strong> La visualisation consiste \u00e0 cr\u00e9er des images mentales positives de nos d\u00e9sirs et de nos aspirations. C\u2019est une pratique puissante qui nous permet d\u2019attirer dans notre vie ce que nous voulons manifester. En visualisant nos objectifs avec clart\u00e9 et \u00e9motion, nous les ancrons dans notre r\u00e9alit\u00e9 et favorisons leur r\u00e9alisation.<\/li>\n\n\n<li><strong>Actions :<\/strong> La mentalit\u00e9 de l\u2019abondance ne consiste pas seulement \u00e0 penser positivement, mais aussi \u00e0 agir en cons\u00e9quence. Il est essentiel de prendre des mesures concr\u00e8tes pour atteindre nos objectifs et cr\u00e9er l\u2019abondance dans notre vie. Les actions align\u00e9es avec nos valeurs et nos aspirations nous rapprochent de nos d\u00e9sirs et cr\u00e9ent un cercle vertueux d\u2019abondance.<\/li>\n\n<\/ol>\n\n\n<h4 class=\"wp-block-heading\">Les bienfaits de la mentalit\u00e9 de l\u2019abondance<\/h4>\n\n\n<p>Adopter une mentalit\u00e9 de l\u2019abondance pr\u00e9sente de nombreux avantages pour notre bien-\u00eatre et notre r\u00e9ussite :<\/p>\n\n\n<ul class=\"wp-block-list\">\n\n<li><strong>Renforcement de la confiance et de l\u2019estime de soi :<\/strong> En cultivant une mentalit\u00e9 de l\u2019abondance, nous d\u00e9veloppons une confiance en nous-m\u00eames et en notre capacit\u00e9 \u00e0 r\u00e9ussir. Nous nous lib\u00e9rons des doutes et des limitations qui nous retenaient auparavant, ce qui renforce notre estime de soi.<\/li>\n\n\n<li><strong>Attirer de nouvelles opportunit\u00e9s :<\/strong> En adoptant une perspective positive, nous attirons naturellement des opportunit\u00e9s et des rencontres favorables. Les personnes qui cultivent une mentalit\u00e9 de l\u2019abondance sont plus ouvertes aux possibilit\u00e9s et ont tendance \u00e0 saisir les chances qui se pr\u00e9sentent \u00e0 elles.<\/li>\n\n\n<li><strong>Augmentation de la motivation :<\/strong> La mentalit\u00e9 de l\u2019abondance nous donne une raison d\u2019\u00eatre motiv\u00e9s et de travailler vers nos objectifs. En ayant une vision claire de ce que nous voulons manifester dans notre vie, nous sommes pouss\u00e9s \u00e0 agir et \u00e0 pers\u00e9v\u00e9rer, m\u00eame face aux obstacles.<\/li>\n\n\n<li><strong>Am\u00e9lioration des relations :<\/strong> Adopter une mentalit\u00e9 de l\u2019abondance nous permet \u00e9galement d\u2019am\u00e9liorer nos relations avec les autres. En \u00e9tant reconnaissants et en utilisant notre abondance pour soutenir et aider les autres, nous renfor\u00e7ons nos connexions et cr\u00e9ons une atmosph\u00e8re positive autour de nous.<\/li>\n\n<\/ul>\n\n\n<p>La mentalit\u00e9 de l\u2019abondance est un \u00e9tat d\u2019esprit qui nous permet de voir et de cr\u00e9er des opportunit\u00e9s dans notre vie. En adoptant une perspective positive et proactive, nous attirons davantage de succ\u00e8s, de bonheur et de satisfaction. En pratiquant les principes cl\u00e9s de la mentalit\u00e9 de l\u2019abondance, nous renfor\u00e7ons notre confiance, attirons de nouvelles opportunit\u00e9s, augmentons notre motivation et am\u00e9liorons nos relations. Alors, pourquoi ne pas commencer d\u00e8s maintenant \u00e0 cultiver une mentalit\u00e9 de l\u2019abondance et \u00e0 vivre une vie \u00e9panouissante et riche ?<\/p>\n\n\n<h2 class=\"wp-block-heading\">Les impacts de la mentalit\u00e9 de l\u2019abondance<\/h2>\n\n\n<figure class=\"wp-block-image size-full\">\n<img decoding=\"async\" width=\"1792\" height=\"1024\" src=\"https:\/\/intercoaching.fr\/wp-content\/uploads\/2024\/01\/Mentalite-de-labondance-Les-impacts-de-la-mentalite-de-labondance.png\" class=\"attachment-full size-full\" alt=\"mentalit\u00e9 de l'abondance : les impacts de la mentalit\u00e9 de l'abondance\">\n<\/figure>\n\n\n<figure class=\"wp-block-embed is-type-video is-provider-youtube wp-block-embed-youtube wp-embed-aspect-16-9 wp-has-aspect-ratio\">\n<div class=\"wp-block-embed__wrapper\">\n<iframe title=\"Attirer la richesse et l'abondance I Me\u0301ditation guide\u0301e nocturne I affirmations positives\" width=\"1200\" height=\"675\" src=\"https:\/\/www.youtube-nocookie.com\/embed\/HU2oVobM_LU?feature=oembed\" frameborder=\"0\" allow=\"accelerometer; autoplay; clipboard-write; encrypted-media; gyroscope; picture-in-picture; web-share\" allowfullscreen><\/iframe>\n<\/div>\n<\/figure>\n\n\n<figure class=\"wp-block-embed is-type-video is-provider-tiktok wp-block-embed-tiktok\"><div class=\"wp-block-embed__wrapper\">\n<blockquote class=\"tiktok-embed\" cite=\"https:\/\/www.tiktok.com\/@julienborloz.psychologue\/video\/7319048557091147041\" data-video-id=\"7319048557091147041\" data-embed-from=\"oembed\" style=\"max-width: 605px;min-width: 325px;\"> <section> <a target=\"_blank\" title=\"@julienborloz.psychologue\" href=\"https:\/\/www.tiktok.com\/@julienborloz.psychologue?refer=embed\">@julienborloz.psychologue<\/a> <p>\ud83d\udc9eLA MENTALIT\u00c9 D\u2019ABONDANCE EN AMOUR Extrait de mon podcast \u00ab\u00a0Mon psy part en live\u00a0\u00bb EPISODES 93 \u00ab\u00a0D\u00e9velopper une mentalit\u00e9 d\u2019abondance\u00a0\u00bb \ud83d\udcf9 Vid\u00e9o YouTube enti\u00e8re dispo sur ma cha\u00eene YouTube @julienborlozpsychologue sur ce lien: https:\/\/youtu.be\/0f1FeMkoxWM?si=JzoXTVAq3qcyqApA <a title=\"psicologia\" target=\"_blank\" href=\"https:\/\/www.tiktok.com\/tag\/psychologie?refer=embed\">#psychologie<\/a> <a title=\"sant\u00e9mentale\" target=\"_blank\" href=\"https:\/\/www.tiktok.com\/tag\/sant%C3%A9mentale?refer=embed\">#sant\u00e9mentale<\/a> <a title=\"psic\u00f3logo\" target=\"_blank\" href=\"https:\/\/www.tiktok.com\/tag\/psychologue?refer=embed\">#psychologue<\/a><\/p> <a target=\"_blank\" title=\"\u266c son original - \ud83e\udde0Julien Borloz Psychologue\" href=\"https:\/\/www.tiktok.com\/music\/son-original-7319048725253327649?refer=embed\">\u266c son original \u2013 \ud83e\udde0Julien Borloz Psychologue<\/a> <\/section> <\/blockquote> <script async src=\"https:\/\/www.tiktok.com\/embed.js\"><\/script>\n<\/div><\/figure>\n\n\n<p>La mentalit\u00e9 de l\u2019abondance est une approche positive de la vie qui consiste \u00e0 croire que les ressources n\u00e9cessaires pour r\u00e9ussir et \u00eatre heureux sont illimit\u00e9es. Elle se caract\u00e9rise par une attitude optimiste, une vision positive de l\u2019avenir et une ouverture \u00e0 de nouvelles opportunit\u00e9s. Adopter cette mentalit\u00e9 peut avoir de nombreux impacts positifs sur notre bien-\u00eatre et notre r\u00e9ussite. <\/p>\n\n\n<h3 class=\"wp-block-heading\">1. Une attitude positive face aux d\u00e9fis<\/h3>\n\n\n<p>Lorsque l\u2019on adopte une mentalit\u00e9 de l\u2019abondance, on consid\u00e8re les d\u00e9fis comme des opportunit\u00e9s de croissance et de d\u00e9veloppement personnel. Au lieu de se laisser d\u00e9courager par les difficult\u00e9s, cette mentalit\u00e9 nous encourage \u00e0 trouver des solutions cr\u00e9atives et \u00e0 prendre des initiatives pour surmonter les obstacles. Cette attitude positive permet d\u2019aborder les d\u00e9fis avec confiance et pers\u00e9v\u00e9rance.<\/p>\n\n\n<h4 class=\"wp-block-heading\">2. La proactivit\u00e9<\/h4>\n\n\n<p>La mentalit\u00e9 de l\u2019abondance encourage la proactivit\u00e9, c\u2019est-\u00e0-dire la prise d\u2019initiative pour cr\u00e9er des opportunit\u00e9s et atteindre nos objectifs. Plut\u00f4t que d\u2019attendre que les choses se passent, cette mentalit\u00e9 nous pousse \u00e0 agir, \u00e0 rechercher activement des solutions et \u00e0 saisir les opportunit\u00e9s qui se pr\u00e9sentent \u00e0 nous. En adoptant une attitude proactive, nous sommes plus susceptibles d\u2019atteindre nos aspirations et de r\u00e9aliser notre potentiel.<\/p>\n\n\n<h4 class=\"wp-block-heading\">3. La gratitude<\/h4>\n\n\n<p>L\u2019appr\u00e9ciation de ce que nous avons est l\u2019un des piliers de la mentalit\u00e9 de l\u2019abondance. En d\u00e9veloppant un sentiment de gratitude pour les petites choses de la vie, nous nous sentons plus satisfaits et heureux. La gratitude nous permet de prendre conscience de la richesse de notre vie et d\u2019appr\u00e9cier les moments pr\u00e9sents. Cette mentalit\u00e9 de gratitude cr\u00e9e un cercle vertueux o\u00f9 nous attirons davantage d\u2019abondance dans notre vie.<\/p>\n\n\n<h4 class=\"wp-block-heading\">4. L\u2019ouverture aux opportunit\u00e9s<\/h4>\n\n\n<p>La mentalit\u00e9 de l\u2019abondance nous rend plus ouverts aux nouvelles opportunit\u00e9s qui se pr\u00e9sentent \u00e0 nous. Plut\u00f4t que de nous limiter aux choses que nous connaissons ou aux sch\u00e9mas de pens\u00e9e restrictifs, cette mentalit\u00e9 nous encourage \u00e0 sortir de notre zone de confort et \u00e0 explorer de nouvelles voies. En \u00e9tant ouverts et r\u00e9ceptifs aux opportunit\u00e9s, nous enrichissons notre vie et augmentons nos chances de r\u00e9ussite.<\/p>\n\n\n<h4 class=\"wp-block-heading\">5. Une meilleure estime de soi<\/h4>\n\n\n<p>En adoptant une mentalit\u00e9 de l\u2019abondance, nous renfor\u00e7ons notre estime de soi et notre confiance en nos propres capacit\u00e9s. Cette mentalit\u00e9 nous encourage \u00e0 croire en nous-m\u00eames, \u00e0 d\u00e9velopper nos comp\u00e9tences et \u00e0 reconna\u00eetre notre valeur personnelle. Cette confiance en nous-m\u00eames nous pousse \u00e0 viser plus haut et \u00e0 atteindre nos objectifs.<br>En conclusion, adopter une mentalit\u00e9 de l\u2019abondance peut avoir de nombreux impacts positifs sur notre vie. Cette attitude positive nous permet de faire face aux d\u00e9fis avec confiance, de saisir les opportunit\u00e9s qui se pr\u00e9sentent \u00e0 nous et d\u2019appr\u00e9cier la richesse de notre vie. En d\u00e9veloppant une telle mentalit\u00e9, nous augmentons nos chances de r\u00e9ussite et de bonheur.<\/p>","protected":false},"excerpt":{"rendered":"","protected":false},"author":2,"featured_media":84593,"parent":84559,"menu_order":0,"comment_status":"closed","ping_status":"closed","template":"","meta":{"_acf_changed":false,"_seopress_robots_primary_cat":"","_seopress_titles_title":"","_seopress_titles_desc":"","_seopress_robots_index":"","_seopress_analysis_target_kw":"","_et_pb_use_builder":"","_et_pb_old_content":"","_et_gb_content_width":"","_glsr_average":0,"_glsr_ranking":0,"_glsr_reviews":0,"footnotes":""},"class_list":{"0":"post-84592","1":"page","2":"type-page","3":"status-publish","4":"has-post-thumbnail","6":"infinite-scroll-item"},"acf":[],"jetpack_sharing_enabled":true,"_links":{"self":[{"href":"https:\/\/intercoaching.fr\/pt\/wp-json\/wp\/v2\/pages\/84592","targetHints":{"allow":["GET"]}}],"collection":[{"href":"https:\/\/intercoaching.fr\/pt\/wp-json\/wp\/v2\/pages"}],"about":[{"href":"https:\/\/intercoaching.fr\/pt\/wp-json\/wp\/v2\/types\/page"}],"author":[{"embeddable":true,"href":"https:\/\/intercoaching.fr\/pt\/wp-json\/wp\/v2\/users\/2"}],"replies":[{"embeddable":true,"href":"https:\/\/intercoaching.fr\/pt\/wp-json\/wp\/v2\/comments?post=84592"}],"version-history":[{"count":0,"href":"https:\/\/intercoaching.fr\/pt\/wp-json\/wp\/v2\/pages\/84592\/revisions"}],"up":[{"embeddable":true,"href":"https:\/\/intercoaching.fr\/pt\/wp-json\/wp\/v2\/pages\/84559"}],"wp:featuredmedia":[{"embeddable":true,"href":"https:\/\/intercoaching.fr\/pt\/wp-json\/wp\/v2\/media\/84593"}],"wp:attachment":[{"href":"https:\/\/intercoaching.fr\/pt\/wp-json\/wp\/v2\/media?parent=84592"}],"curies":[{"name":"wp","href":"https:\/\/api.w.org\/{rel}","templated":true}]}}